{"id":3138,"date":"2025-10-27T16:33:20","date_gmt":"2025-10-27T15:33:20","guid":{"rendered":"https:\/\/acfri-refonte.fr\/produit\/cellule-de-refroidissement-e30twinflex-fluide-r290\/"},"modified":"2026-04-08T10:22:52","modified_gmt":"2026-04-08T08:22:52","slug":"cellule-de-refroidissement-e30twinflex-groupe-a-air-integre","status":"publish","type":"product","link":"https:\/\/acfri.com\/fr\/produit\/cellule-de-refroidissement-e30twinflex-groupe-a-air-integre\/","title":{"rendered":"Cellule de refroidissement E30TwinFlex groupe \u00e0 air int\u00e9gr\u00e9"},"content":{"rendered":"<p>Mod\u00e8le E30TwinFlex Cellule inox mixte GN1\/1 avec 6 \u00e0 18 niveaux. Refroidissement rapide : cycle 110 : 30kg et 90 minutes pour 24kg Surg\u00e9lation : &#8211; Viandes crues : cycle 120 min (8 kg) &#8211; Plats cuisin\u00e9s : cycle 4h50 (8 kg) Secteurs : Restauration.<\/p>\n","protected":false},"excerpt":{"rendered":"<p>Cellule inox mixte GN1\/1 professionnelle avec 8 \u00e0 18 niveaux.<\/p>\n","protected":false},"featured_media":3172,"comment_status":"open","ping_status":"closed","template":"","meta":{"_acf_changed":false},"product_brand":[],"product_cat":[35],"product_tag":[18],"class_list":{"0":"post-3138","1":"product","2":"type-product","3":"status-publish","4":"has-post-thumbnail","6":"product_cat-cellule-grilles","7":"product_tag-restauration","8":"pa_nombre-de-niveaux-8-a-18-niveaux","9":"pa_refroidissement-capacite-1-30kg","10":"pa_refroidissement-capacite-2-24kg","11":"pa_refroidissement-temps-1-110-mn","12":"pa_refroidissement-temps-2-90mn","13":"pa_surgelation-capacite-1-8kg","14":"pa_surgelation-capacite-2-8kg","15":"pa_surgelation-temps-1-cycle-120mn","16":"pa_surgelation-temps-2-4h50","18":"first","19":"instock","20":"shipping-taxable","21":"product-type-simple"},"acf":[],"_links":{"self":[{"href":"https:\/\/acfri.com\/fr\/wp-json\/wp\/v2\/product\/3138","targetHints":{"allow":["GET"]}}],"collection":[{"href":"https:\/\/acfri.com\/fr\/wp-json\/wp\/v2\/product"}],"about":[{"href":"https:\/\/acfri.com\/fr\/wp-json\/wp\/v2\/types\/product"}],"replies":[{"embeddable":true,"href":"https:\/\/acfri.com\/fr\/wp-json\/wp\/v2\/comments?post=3138"}],"version-history":[{"count":2,"href":"https:\/\/acfri.com\/fr\/wp-json\/wp\/v2\/product\/3138\/revisions"}],"predecessor-version":[{"id":3612,"href":"https:\/\/acfri.com\/fr\/wp-json\/wp\/v2\/product\/3138\/revisions\/3612"}],"wp:featuredmedia":[{"embeddable":true,"href":"https:\/\/acfri.com\/fr\/wp-json\/wp\/v2\/media\/3172"}],"wp:attachment":[{"href":"https:\/\/acfri.com\/fr\/wp-json\/wp\/v2\/media?parent=3138"}],"wp:term":[{"taxonomy":"product_brand","embeddable":true,"href":"https:\/\/acfri.com\/fr\/wp-json\/wp\/v2\/product_brand?post=3138"},{"taxonomy":"product_cat","embeddable":true,"href":"https:\/\/acfri.com\/fr\/wp-json\/wp\/v2\/product_cat?post=3138"},{"taxonomy":"product_tag","embeddable":true,"href":"https:\/\/acfri.com\/fr\/wp-json\/wp\/v2\/product_tag?post=3138"}],"curies":[{"name":"wp","href":"https:\/\/api.w.org\/{rel}","templated":true}]}}