{"id":3137,"date":"2025-10-27T16:33:20","date_gmt":"2025-10-27T15:33:20","guid":{"rendered":"https:\/\/acfri-refonte.fr\/produit\/cellule-de-refroidissement-e24twinflex-fluide-r290\/"},"modified":"2026-04-08T10:23:27","modified_gmt":"2026-04-08T08:23:27","slug":"cellule-de-refroidissement-e24twinflex-groupe-a-air-integre","status":"publish","type":"product","link":"https:\/\/acfri.com\/fr\/produit\/cellule-de-refroidissement-e24twinflex-groupe-a-air-integre\/","title":{"rendered":"Cellule de refroidissement E24TwinFlex groupe \u00e0 air int\u00e9gr\u00e9"},"content":{"rendered":"<p>Mod\u00e8le E24TwinFlex Cellule inox mixte GN1\/1 avec 6 \u00e0 18 niveaux. Refroidissement rapide : cycle 110 : 24kg Surg\u00e9lation : &#8211; Viandes crues : cycle 120 min (8 kg) &#8211; Plats cuisin\u00e9s : cycle 4h50 (8 kg) Secteurs : Restauration.<\/p>\n","protected":false},"excerpt":{"rendered":"<p>Cellule inox mixte GN1\/1 professionnelle avec 6 \u00e0 18 niveaux.<\/p>\n","protected":false},"featured_media":3172,"comment_status":"open","ping_status":"closed","template":"","meta":{"_acf_changed":false},"product_brand":[],"product_cat":[35],"product_tag":[18],"class_list":{"0":"post-3137","1":"product","2":"type-product","3":"status-publish","4":"has-post-thumbnail","6":"product_cat-cellule-grilles","7":"product_tag-restauration","8":"pa_nombre-de-niveaux-6-a-18-niveaux","9":"pa_refroidissement-capacite-1-24kg","10":"pa_refroidissement-temps-1-110-mn","11":"pa_surgelation-capacite-1-8kg","12":"pa_surgelation-capacite-2-8kg","13":"pa_surgelation-temps-1-cycle-120mn","14":"pa_surgelation-temps-2-4h50","16":"first","17":"instock","18":"shipping-taxable","19":"product-type-simple"},"acf":[],"_links":{"self":[{"href":"https:\/\/acfri.com\/fr\/wp-json\/wp\/v2\/product\/3137","targetHints":{"allow":["GET"]}}],"collection":[{"href":"https:\/\/acfri.com\/fr\/wp-json\/wp\/v2\/product"}],"about":[{"href":"https:\/\/acfri.com\/fr\/wp-json\/wp\/v2\/types\/product"}],"replies":[{"embeddable":true,"href":"https:\/\/acfri.com\/fr\/wp-json\/wp\/v2\/comments?post=3137"}],"version-history":[{"count":2,"href":"https:\/\/acfri.com\/fr\/wp-json\/wp\/v2\/product\/3137\/revisions"}],"predecessor-version":[{"id":3613,"href":"https:\/\/acfri.com\/fr\/wp-json\/wp\/v2\/product\/3137\/revisions\/3613"}],"wp:featuredmedia":[{"embeddable":true,"href":"https:\/\/acfri.com\/fr\/wp-json\/wp\/v2\/media\/3172"}],"wp:attachment":[{"href":"https:\/\/acfri.com\/fr\/wp-json\/wp\/v2\/media?parent=3137"}],"wp:term":[{"taxonomy":"product_brand","embeddable":true,"href":"https:\/\/acfri.com\/fr\/wp-json\/wp\/v2\/product_brand?post=3137"},{"taxonomy":"product_cat","embeddable":true,"href":"https:\/\/acfri.com\/fr\/wp-json\/wp\/v2\/product_cat?post=3137"},{"taxonomy":"product_tag","embeddable":true,"href":"https:\/\/acfri.com\/fr\/wp-json\/wp\/v2\/product_tag?post=3137"}],"curies":[{"name":"wp","href":"https:\/\/api.w.org\/{rel}","templated":true}]}}