{"id":2635,"date":"2025-08-25T12:53:34","date_gmt":"2025-08-25T10:53:34","guid":{"rendered":"https:\/\/acfri-refonte.fr\/produit\/cellule-de-refroidissement-ar240-p850-sg\/"},"modified":"2025-09-10T14:33:06","modified_gmt":"2025-09-10T12:33:06","slug":"cellule-de-refroidissement-ar240-p850-sg","status":"publish","type":"product","link":"https:\/\/acfri.com\/fr\/produit\/cellule-de-refroidissement-ar240-p850-sg\/","title":{"rendered":"Cellule de refroidissement AR240-P850-SG"},"content":{"rendered":"<p>Mod\u00e8le AR240                                                                               Cellule inox mixte GN1\/1 \u00e0 chariots. Nombre : 3 chariot de 20 niveaux.  Refroidissement rapide : cycle 80 minutes pour 180kg. 110 min : 240kg Surg\u00e9lation : &#8211; Viandes crues : cycle 120 min (80kg) &#8211; Plats cuisin\u00e9s : cycle 270min (80kg) Secteurs : Restauration.<\/p>\n","protected":false},"excerpt":{"rendered":"<p>Cellule inox mixte GN1\/1 professionnelle \u00e0 chariots. Nombred chariots : 3<\/p>\n","protected":false},"featured_media":1625,"comment_status":"open","ping_status":"closed","template":"","meta":{"_acf_changed":false},"product_brand":[],"product_cat":[43],"product_tag":[18],"class_list":{"0":"post-2635","1":"product","2":"type-product","3":"status-publish","4":"has-post-thumbnail","6":"product_cat-cellule-a-chariots","7":"product_tag-restauration","8":"pa_refroidissement-capacite-1-180kg","9":"pa_refroidissement-capacite-2-240kg","10":"pa_refroidissement-temps-1-80-mn","11":"pa_refroidissement-temps-2-110mn","12":"pa_surgelation-capacite-1-80kg","13":"pa_surgelation-capacite-2-80kg","14":"pa_surgelation-temps-1-cycle-120mn","15":"pa_surgelation-temps-2-cycle-270mn","17":"first","18":"instock","19":"shipping-taxable","20":"product-type-simple"},"acf":[],"_links":{"self":[{"href":"https:\/\/acfri.com\/fr\/wp-json\/wp\/v2\/product\/2635","targetHints":{"allow":["GET"]}}],"collection":[{"href":"https:\/\/acfri.com\/fr\/wp-json\/wp\/v2\/product"}],"about":[{"href":"https:\/\/acfri.com\/fr\/wp-json\/wp\/v2\/types\/product"}],"replies":[{"embeddable":true,"href":"https:\/\/acfri.com\/fr\/wp-json\/wp\/v2\/comments?post=2635"}],"version-history":[{"count":2,"href":"https:\/\/acfri.com\/fr\/wp-json\/wp\/v2\/product\/2635\/revisions"}],"predecessor-version":[{"id":2933,"href":"https:\/\/acfri.com\/fr\/wp-json\/wp\/v2\/product\/2635\/revisions\/2933"}],"wp:featuredmedia":[{"embeddable":true,"href":"https:\/\/acfri.com\/fr\/wp-json\/wp\/v2\/media\/1625"}],"wp:attachment":[{"href":"https:\/\/acfri.com\/fr\/wp-json\/wp\/v2\/media?parent=2635"}],"wp:term":[{"taxonomy":"product_brand","embeddable":true,"href":"https:\/\/acfri.com\/fr\/wp-json\/wp\/v2\/product_brand?post=2635"},{"taxonomy":"product_cat","embeddable":true,"href":"https:\/\/acfri.com\/fr\/wp-json\/wp\/v2\/product_cat?post=2635"},{"taxonomy":"product_tag","embeddable":true,"href":"https:\/\/acfri.com\/fr\/wp-json\/wp\/v2\/product_tag?post=2635"}],"curies":[{"name":"wp","href":"https:\/\/api.w.org\/{rel}","templated":true}]}}