{"id":2592,"date":"2025-08-25T12:53:23","date_gmt":"2025-08-25T10:53:23","guid":{"rendered":"https:\/\/acfri-refonte.fr\/produit\/cellule-de-refroidissement-ar80hruc-c100-sg\/"},"modified":"2025-09-10T14:33:03","modified_gmt":"2025-09-10T12:33:03","slug":"cellule-de-refroidissement-ar80hruc-c100-sg","status":"publish","type":"product","link":"https:\/\/acfri.com\/fr\/produit\/cellule-de-refroidissement-ar80hruc-c100-sg\/","title":{"rendered":"Cellule de refroidissement AR80HRUC-C110-SG"},"content":{"rendered":"<p>Mod\u00e8le AR80HRUC Cellule inox mixte GN1\/1 \u00e0 chariots. Nombre : 1 chariot de 20 niveaux.  Refroidissement rapide : cycle 80 minutes pour 70 kg. 110 min : 80kg Surg\u00e9lation : &#8211; Viandes crues : cycle 120 min (40 kg) &#8211;  Plats cuisin\u00e9s : cycle 270min (40 kg) Secteurs : Restauration.<\/p>\n","protected":false},"excerpt":{"rendered":"<p>Cellule inox mixte GN1\/1 professionnelle \u00e0 chariots.<\/p>\n","protected":false},"featured_media":682,"comment_status":"open","ping_status":"closed","template":"","meta":{"_acf_changed":false},"product_brand":[],"product_cat":[43],"product_tag":[18],"class_list":{"0":"post-2592","1":"product","2":"type-product","3":"status-publish","4":"has-post-thumbnail","6":"product_cat-cellule-a-chariots","7":"product_tag-restauration","8":"pa_nombre-de-niveaux-1-chariot","9":"pa_refroidissement-capacite-1-70kg","10":"pa_refroidissement-capacite-2-80kg","11":"pa_refroidissement-temps-1-80-mn","12":"pa_refroidissement-temps-2-110mn","13":"pa_surgelation-capacite-1-40kg","14":"pa_surgelation-capacite-2-40kg","15":"pa_surgelation-temps-1-cycle-120mn","16":"pa_surgelation-temps-2-cycle-270mn","18":"first","19":"instock","20":"shipping-taxable","21":"product-type-simple"},"acf":[],"_links":{"self":[{"href":"https:\/\/acfri.com\/fr\/wp-json\/wp\/v2\/product\/2592","targetHints":{"allow":["GET"]}}],"collection":[{"href":"https:\/\/acfri.com\/fr\/wp-json\/wp\/v2\/product"}],"about":[{"href":"https:\/\/acfri.com\/fr\/wp-json\/wp\/v2\/types\/product"}],"replies":[{"embeddable":true,"href":"https:\/\/acfri.com\/fr\/wp-json\/wp\/v2\/comments?post=2592"}],"version-history":[{"count":3,"href":"https:\/\/acfri.com\/fr\/wp-json\/wp\/v2\/product\/2592\/revisions"}],"predecessor-version":[{"id":2922,"href":"https:\/\/acfri.com\/fr\/wp-json\/wp\/v2\/product\/2592\/revisions\/2922"}],"wp:featuredmedia":[{"embeddable":true,"href":"https:\/\/acfri.com\/fr\/wp-json\/wp\/v2\/media\/682"}],"wp:attachment":[{"href":"https:\/\/acfri.com\/fr\/wp-json\/wp\/v2\/media?parent=2592"}],"wp:term":[{"taxonomy":"product_brand","embeddable":true,"href":"https:\/\/acfri.com\/fr\/wp-json\/wp\/v2\/product_brand?post=2592"},{"taxonomy":"product_cat","embeddable":true,"href":"https:\/\/acfri.com\/fr\/wp-json\/wp\/v2\/product_cat?post=2592"},{"taxonomy":"product_tag","embeddable":true,"href":"https:\/\/acfri.com\/fr\/wp-json\/wp\/v2\/product_tag?post=2592"}],"curies":[{"name":"wp","href":"https:\/\/api.w.org\/{rel}","templated":true}]}}