{"id":2579,"date":"2025-08-25T12:53:21","date_gmt":"2025-08-25T10:53:21","guid":{"rendered":"https:\/\/acfri-refonte.fr\/produit\/cellule-de-refroidissement-e12-fluide-r290\/"},"modified":"2026-04-08T10:46:13","modified_gmt":"2026-04-08T08:46:13","slug":"cellule-de-refroidissement-e12-groupe-a-air-integre","status":"publish","type":"product","link":"https:\/\/acfri.com\/fr\/produit\/cellule-de-refroidissement-e12-groupe-a-air-integre\/","title":{"rendered":"Cellule de refroidissement E12 groupe \u00e0 air int\u00e9gr\u00e9"},"content":{"rendered":"<p>Mod\u00e8le E12<br \/>\nCellule inox mixte GN1\/1 avec 3 \u00e0 9 niveaux.<br \/>\nRefroidissement rapide : cycle  110 minutes pour 12 kg.<br \/>\nSurg\u00e9lation :<br \/>\n&#8211; Viandes crues : cycle 120 min (4 kg)<br \/>\n&#8211; Plats cuisin\u00e9s : cycle 4h50 (4 kg)<\/p>\n<p>Secteurs : Restauration.<\/p>\n","protected":false},"excerpt":{"rendered":"<p>Cellule inox mixte GN1\/1 professionnelle avec 3 \u00e0 9 niveaux.<\/p>\n","protected":false},"featured_media":640,"comment_status":"open","ping_status":"closed","template":"","meta":{"_acf_changed":false},"product_brand":[],"product_cat":[35],"product_tag":[18],"class_list":{"0":"post-2579","1":"product","2":"type-product","3":"status-publish","4":"has-post-thumbnail","6":"product_cat-cellule-grilles","7":"product_tag-restauration","8":"pa_nombre-de-niveaux-3-a-7-niveaux","9":"pa_refroidissement-capacite-1-12kg","10":"pa_refroidissement-temps-1-110mn","11":"pa_refroidissement-temps-2-89","12":"pa_surgelation-capacite-1-4kg","13":"pa_surgelation-capacite-2-4kg","14":"pa_surgelation-temps-1-cycle-120mn","15":"pa_surgelation-temps-2-4h50","17":"first","18":"instock","19":"shipping-taxable","20":"product-type-simple"},"acf":[],"_links":{"self":[{"href":"https:\/\/acfri.com\/fr\/wp-json\/wp\/v2\/product\/2579","targetHints":{"allow":["GET"]}}],"collection":[{"href":"https:\/\/acfri.com\/fr\/wp-json\/wp\/v2\/product"}],"about":[{"href":"https:\/\/acfri.com\/fr\/wp-json\/wp\/v2\/types\/product"}],"replies":[{"embeddable":true,"href":"https:\/\/acfri.com\/fr\/wp-json\/wp\/v2\/comments?post=2579"}],"version-history":[{"count":1,"href":"https:\/\/acfri.com\/fr\/wp-json\/wp\/v2\/product\/2579\/revisions"}],"predecessor-version":[{"id":3630,"href":"https:\/\/acfri.com\/fr\/wp-json\/wp\/v2\/product\/2579\/revisions\/3630"}],"wp:featuredmedia":[{"embeddable":true,"href":"https:\/\/acfri.com\/fr\/wp-json\/wp\/v2\/media\/640"}],"wp:attachment":[{"href":"https:\/\/acfri.com\/fr\/wp-json\/wp\/v2\/media?parent=2579"}],"wp:term":[{"taxonomy":"product_brand","embeddable":true,"href":"https:\/\/acfri.com\/fr\/wp-json\/wp\/v2\/product_brand?post=2579"},{"taxonomy":"product_cat","embeddable":true,"href":"https:\/\/acfri.com\/fr\/wp-json\/wp\/v2\/product_cat?post=2579"},{"taxonomy":"product_tag","embeddable":true,"href":"https:\/\/acfri.com\/fr\/wp-json\/wp\/v2\/product_tag?post=2579"}],"curies":[{"name":"wp","href":"https:\/\/api.w.org\/{rel}","templated":true}]}}