{"id":2209,"date":"2025-08-12T16:59:09","date_gmt":"2025-08-12T14:59:09","guid":{"rendered":"https:\/\/acfri-refonte.fr\/?page_id=2209"},"modified":"2025-08-12T16:59:33","modified_gmt":"2025-08-12T14:59:33","slug":"demande-de-compte","status":"publish","type":"page","link":"https:\/\/acfri.com\/fr\/demande-de-compte\/","title":{"rendered":"Demande de compte"},"content":{"rendered":"\t\t<div data-elementor-type=\"wp-page\" data-elementor-id=\"2209\" class=\"elementor elementor-2209\" data-elementor-post-type=\"page\">\n\t\t\t\t<div class=\"elementor-element elementor-element-0966ed6 e-flex e-con-boxed e-con e-parent\" data-id=\"0966ed6\" data-element_type=\"container\" data-e-type=\"container\" data-settings=\"{&quot;background_background&quot;:&quot;classic&quot;}\">\n\t\t\t\t\t<div class=\"e-con-inner\">\n\t\t\t\t<div class=\"elementor-element elementor-element-38377e6 elementor-widget elementor-widget-shortcode\" data-id=\"38377e6\" data-element_type=\"widget\" data-e-type=\"widget\" data-widget_type=\"shortcode.default\">\n\t\t\t\t\t\t\t<div class=\"elementor-shortcode\">        <div class=\"acfri-login-wrapper\">\n            <div class=\"acfri-login-card\">\n                <h2>Demande de compte<\/h2>\n                <p>Cr\u00e9ez votre acc\u00e8s. Votre compte sera activ\u00e9 apr\u00e8s validation par nos \u00e9quipes.<\/p>\n\n                \n                <form method=\"post\" action=\"\">\n                    <input type=\"hidden\" id=\"acfri_register_nonce\" name=\"acfri_register_nonce\" value=\"815095fb96\" \/><input type=\"hidden\" name=\"_wp_http_referer\" value=\"\/fr\/wp-json\/wp\/v2\/pages\/2209\" \/>\n                    <label for=\"acfri_first\">Pr\u00e9nom<\/label>\n                    <input type=\"text\" id=\"acfri_first\" name=\"first_name\" required>\n\n                    <label for=\"acfri_last\">Nom<\/label>\n                    <input type=\"text\" id=\"acfri_last\" name=\"last_name\" required>\n\n                    <label for=\"acfri_email\">Email<\/label>\n                    <input type=\"email\" id=\"acfri_email\" name=\"email\" required>\n\n                    <label for=\"acfri_company\">Soci\u00e9t\u00e9 (optionnel)<\/label>\n                    <input type=\"text\" id=\"acfri_company\" name=\"company\">\n\n                    <label for=\"acfri_phone\">T\u00e9l\u00e9phone (optionnel)<\/label>\n                    <input type=\"text\" id=\"acfri_phone\" name=\"phone\">\n\n                    <label for=\"acfri_pwd\">Mot de passe<\/label>\n                    <input type=\"password\" id=\"acfri_pwd\" name=\"password\" minlength=\"8\" required>\n\n                    <label for=\"acfri_notes\">Notes (optionnel)<\/label>\n                    <textarea id=\"acfri_notes\" name=\"notes\" rows=\"3\" placeholder=\"Pr\u00e9cisez vos besoins\u2026\"><\/textarea>\n\n                    <button type=\"submit\" class=\"acfri-btn\">Envoyer la demande<\/button>\n                <input\n                    class=\"apbct_special_field apbct_email_id__elementor_form\"\n                    name=\"apbct__email_id__elementor_form\"\n                    aria-label=\"apbct__label_id__elementor_form\"\n                    type=\"text\" size=\"30\" maxlength=\"200\" autocomplete=\"off\"\n                    value=\"\"\n                \/><\/form>\n            <\/div>\n        <\/div>\n    <\/div>\n\t\t\t\t\t\t<\/div>\n\t\t\t\t\t<\/div>\n\t\t\t\t<\/div>\n\t\t\t\t<\/div>\n\t\t","protected":false},"excerpt":{"rendered":"","protected":false},"author":1,"featured_media":0,"parent":0,"menu_order":0,"comment_status":"closed","ping_status":"closed","template":"elementor_header_footer","meta":{"_acf_changed":false,"footnotes":""},"class_list":["post-2209","page","type-page","status-publish","hentry"],"acf":[],"_links":{"self":[{"href":"https:\/\/acfri.com\/fr\/wp-json\/wp\/v2\/pages\/2209","targetHints":{"allow":["GET"]}}],"collection":[{"href":"https:\/\/acfri.com\/fr\/wp-json\/wp\/v2\/pages"}],"about":[{"href":"https:\/\/acfri.com\/fr\/wp-json\/wp\/v2\/types\/page"}],"author":[{"embeddable":true,"href":"https:\/\/acfri.com\/fr\/wp-json\/wp\/v2\/users\/1"}],"replies":[{"embeddable":true,"href":"https:\/\/acfri.com\/fr\/wp-json\/wp\/v2\/comments?post=2209"}],"version-history":[{"count":7,"href":"https:\/\/acfri.com\/fr\/wp-json\/wp\/v2\/pages\/2209\/revisions"}],"predecessor-version":[{"id":2216,"href":"https:\/\/acfri.com\/fr\/wp-json\/wp\/v2\/pages\/2209\/revisions\/2216"}],"wp:attachment":[{"href":"https:\/\/acfri.com\/fr\/wp-json\/wp\/v2\/media?parent=2209"}],"curies":[{"name":"wp","href":"https:\/\/api.w.org\/{rel}","templated":true}]}}