{"id":2194,"date":"2025-08-12T16:49:00","date_gmt":"2025-08-12T14:49:00","guid":{"rendered":"https:\/\/acfri-refonte.fr\/?page_id=2194"},"modified":"2025-08-12T16:54:38","modified_gmt":"2025-08-12T14:54:38","slug":"connexion","status":"publish","type":"page","link":"https:\/\/acfri.com\/fr\/connexion\/","title":{"rendered":"Connexion"},"content":{"rendered":"\t\t<div data-elementor-type=\"wp-page\" data-elementor-id=\"2194\" class=\"elementor elementor-2194\" data-elementor-post-type=\"page\">\n\t\t\t\t<div class=\"elementor-element elementor-element-0966ed6 e-flex e-con-boxed e-con e-parent\" data-id=\"0966ed6\" data-element_type=\"container\" data-e-type=\"container\" data-settings=\"{&quot;background_background&quot;:&quot;classic&quot;}\">\n\t\t\t\t\t<div class=\"e-con-inner\">\n\t\t\t\t<div class=\"elementor-element elementor-element-38377e6 elementor-widget elementor-widget-shortcode\" data-id=\"38377e6\" data-element_type=\"widget\" data-e-type=\"widget\" data-widget_type=\"shortcode.default\">\n\t\t\t\t\t\t\t<div class=\"elementor-shortcode\">        <div class=\"acfri-login-wrapper\">\n            <div class=\"acfri-login-card\">\n                <h2>Espace client s\u00e9curis\u00e9<\/h2>\n                <p>Connectez-vous pour t\u00e9l\u00e9charger notices, guides et documentations \u00e0 jour.<\/p>\n\n                <form method=\"post\" action=\"\">\n                    <input type=\"hidden\" id=\"acfri_login_nonce\" name=\"acfri_login_nonce\" value=\"f8ddfac876\" \/><input type=\"hidden\" name=\"_wp_http_referer\" value=\"\/fr\/wp-json\/wp\/v2\/pages\/2194\" \/>\n                    <label for=\"user_login\">Identifiant<\/label>\n                    <input type=\"text\" name=\"log\" id=\"user_login\" placeholder=\"Votre email\" required>\n\n                    <label for=\"user_pass\">Mot de passe<\/label>\n                    <input type=\"password\" name=\"pwd\" id=\"user_pass\" placeholder=\"********\" required>\n\n                    <button type=\"submit\" class=\"acfri-btn\">Connexion<\/button>\n                <input\n                    class=\"apbct_special_field apbct_email_id__elementor_form\"\n                    name=\"apbct__email_id__elementor_form\"\n                    aria-label=\"apbct__label_id__elementor_form\"\n                    type=\"text\" size=\"30\" maxlength=\"200\" autocomplete=\"off\"\n                    value=\"\"\n                \/><\/form>\n\n                <div class=\"acfri-login-separator\">OU<\/div>\n\n                <div class=\"acfri-first-visit\">\n                    <h3>Premi\u00e8re visite<\/h3>\n                    <p>Je suis guid\u00e9 pas \u00e0 pas pour me connecter la premi\u00e8re fois et d\u00e9couvrir tous les services de mon Espace client.<\/p>\n                    <a href=\"\/demande-de-compte\" class=\"acfri-btn-outline\">Demande de compte<\/a>\n                <\/div>\n            <\/div>\n        <\/div>\n        <\/div>\n\t\t\t\t\t\t<\/div>\n\t\t\t\t\t<\/div>\n\t\t\t\t<\/div>\n\t\t\t\t<\/div>\n\t\t","protected":false},"excerpt":{"rendered":"","protected":false},"author":1,"featured_media":0,"parent":0,"menu_order":0,"comment_status":"closed","ping_status":"closed","template":"elementor_header_footer","meta":{"_acf_changed":false,"footnotes":""},"class_list":["post-2194","page","type-page","status-publish","hentry"],"acf":[],"_links":{"self":[{"href":"https:\/\/acfri.com\/fr\/wp-json\/wp\/v2\/pages\/2194","targetHints":{"allow":["GET"]}}],"collection":[{"href":"https:\/\/acfri.com\/fr\/wp-json\/wp\/v2\/pages"}],"about":[{"href":"https:\/\/acfri.com\/fr\/wp-json\/wp\/v2\/types\/page"}],"author":[{"embeddable":true,"href":"https:\/\/acfri.com\/fr\/wp-json\/wp\/v2\/users\/1"}],"replies":[{"embeddable":true,"href":"https:\/\/acfri.com\/fr\/wp-json\/wp\/v2\/comments?post=2194"}],"version-history":[{"count":10,"href":"https:\/\/acfri.com\/fr\/wp-json\/wp\/v2\/pages\/2194\/revisions"}],"predecessor-version":[{"id":2207,"href":"https:\/\/acfri.com\/fr\/wp-json\/wp\/v2\/pages\/2194\/revisions\/2207"}],"wp:attachment":[{"href":"https:\/\/acfri.com\/fr\/wp-json\/wp\/v2\/media?parent=2194"}],"curies":[{"name":"wp","href":"https:\/\/api.w.org\/{rel}","templated":true}]}}