{"id":1131,"date":"2025-07-30T17:17:19","date_gmt":"2025-07-30T15:17:19","guid":{"rendered":"https:\/\/acfri-refonte.fr\/?page_id=1131"},"modified":"2025-09-11T16:03:41","modified_gmt":"2025-09-11T14:03:41","slug":"mentions-legales","status":"publish","type":"page","link":"https:\/\/acfri.com\/fr\/mentions-legales\/","title":{"rendered":"Mentions l\u00e9gales"},"content":{"rendered":"\t\t<div data-elementor-type=\"wp-page\" data-elementor-id=\"1131\" class=\"elementor elementor-1131\" data-elementor-post-type=\"page\">\n\t\t\t\t<div class=\"elementor-element elementor-element-0966ed6 e-flex e-con-boxed e-con e-parent\" data-id=\"0966ed6\" data-element_type=\"container\" data-e-type=\"container\" data-settings=\"{&quot;background_background&quot;:&quot;classic&quot;}\">\n\t\t\t\t\t<div class=\"e-con-inner\">\n\t\t\t\t<div class=\"elementor-element elementor-element-af1a4dd elementor-widget elementor-widget-woocommerce-breadcrumb\" data-id=\"af1a4dd\" data-element_type=\"widget\" data-e-type=\"widget\" data-widget_type=\"woocommerce-breadcrumb.default\">\n\t\t\t\t\t<nav class=\"woocommerce-breadcrumb\" aria-label=\"Breadcrumb\">Accueil<\/nav>\t\t\t\t<\/div>\n\t\t\t\t<div class=\"elementor-element elementor-element-0d43999 elementor-widget elementor-widget-heading\" data-id=\"0d43999\" data-element_type=\"widget\" data-e-type=\"widget\" data-widget_type=\"heading.default\">\n\t\t\t\t\t<h2 class=\"elementor-heading-title elementor-size-default\">Mentions l\u00e9gales<\/h2>\t\t\t\t<\/div>\n\t\t\t\t\t<\/div>\n\t\t\t\t<\/div>\n\t\t<div class=\"elementor-element elementor-element-3a98179 blocproduit e-flex e-con-boxed e-con e-parent\" data-id=\"3a98179\" data-element_type=\"container\" data-e-type=\"container\" data-settings=\"{&quot;background_background&quot;:&quot;classic&quot;}\">\n\t\t\t\t\t<div class=\"e-con-inner\">\n\t\t\t\t<div class=\"elementor-element elementor-element-eeeb3a7 elementor-widget elementor-widget-heading\" data-id=\"eeeb3a7\" data-element_type=\"widget\" data-e-type=\"widget\" data-widget_type=\"heading.default\">\n\t\t\t\t\t<h2 class=\"elementor-heading-title elementor-size-default\">Pr\u00e9sentation du site<\/h2>\t\t\t\t<\/div>\n\t\t\t\t<div class=\"elementor-element elementor-element-50de3f5 elementor-widget elementor-widget-text-editor\" data-id=\"50de3f5\" data-element_type=\"widget\" data-e-type=\"widget\" data-widget_type=\"text-editor.default\">\n\t\t\t\t\t\t\t\t\t<p>En vertu de l&rsquo;article 6 de la loi n\u00b0 2004-575 du 21 juin 2004 pour la confiance dans l&rsquo;\u00e9conomie num\u00e9rique, il est pr\u00e9cis\u00e9 aux utilisateurs du site\u00a0acfri.com\u00a0l&rsquo;identit\u00e9 des diff\u00e9rents intervenants dans le cadre de sa r\u00e9alisation et de son suivi :<br \/>Identification : ATELIER CONSTRUCTION FRIGORIFIQUE (ACFRI)<br \/>SA au capital de 600 000 \u20ac<br \/>Fabrication d&rsquo;\u00e9quipements a\u00e9rauliques et frigorifiques industriels, Site vitrine de la soci\u00e9t\u00e9.<\/p><ul><li>Num\u00e9ro d&rsquo;identification : Evry B 341 837 003<\/li><li>Date d&rsquo;immatriculation : 29 juillet 1987<\/li><li>Num\u00e9ro de T.V.A. intracommunautaire : FR55 341 837 003<\/li><li>Si\u00e8ge social : ZA des bordes &#8211; 8, rue Pierre Josse &#8211; 91070<\/li><li>BONDOUFLE &#8211; France<\/li><li>T\u00e9l\u00e9phone : + 33 (0)1.69.11.83.00<\/li><li>Email :\u00a0acfri@acfri.com<\/li><\/ul>\t\t\t\t\t\t\t\t<\/div>\n\t\t\t\t<div class=\"elementor-element elementor-element-6504eb1 elementor-widget elementor-widget-heading\" data-id=\"6504eb1\" data-element_type=\"widget\" data-e-type=\"widget\" data-widget_type=\"heading.default\">\n\t\t\t\t\t<h2 class=\"elementor-heading-title elementor-size-default\">R\u00e9alisation<\/h2>\t\t\t\t<\/div>\n\t\t\t\t<div class=\"elementor-element elementor-element-ace274e elementor-widget elementor-widget-text-editor\" data-id=\"ace274e\" data-element_type=\"widget\" data-e-type=\"widget\" data-widget_type=\"text-editor.default\">\n\t\t\t\t\t\t\t\t\t<p>Le site internet acfi.fr \u00e9t\u00e9 r\u00e9alis\u00e9 par Galadrim.<\/p>\t\t\t\t\t\t\t\t<\/div>\n\t\t\t\t<div class=\"elementor-element elementor-element-a1ee1f7 elementor-widget elementor-widget-text-editor\" data-id=\"a1ee1f7\" data-element_type=\"widget\" data-e-type=\"widget\" data-widget_type=\"text-editor.default\">\n\t\t\t\t\t\t\t\t\t<h1>H\u00e9bergement<\/h1><p>Le site Internet acfri.com est h\u00e9berg\u00e9 par la soci\u00e9t\u00e9\u00a0<a title=\"ovh\" href=\"https:\/\/www.ovh.com\/fr\/\" target=\"_blank\" rel=\"noopener noreferrer\">OVH<\/a>\u00a0&#8211; SAS au capital de 10 000 000 \u20ac &#8211; RCS Roubaix \u2013 Tourcoing 424 761 419 00045 &#8211; Code APE 6202A &#8211; N\u00b0 TVA : FR 22 424 761 419 &#8211; Si\u00e8ge social : 2 rue Kellermann &#8211; 59100 Roubaix &#8211; France.<\/p><h1>Conditions g\u00e9n\u00e9rales d&rsquo;utilisation du site et des services propos\u00e9s<\/h1><p>L&rsquo;utilisation du site acfri.com implique l&rsquo;acceptation pleine et enti\u00e8re des conditions g\u00e9n\u00e9rales d&rsquo;utilisation ci-apr\u00e8s d\u00e9crites. Ces conditions d&rsquo;utilisation sont susceptibles d&rsquo;\u00eatre modifi\u00e9es ou compl\u00e9t\u00e9es \u00e0 tout moment, les utilisateurs du site acfri.com sont donc invit\u00e9s \u00e0 les consulter de mani\u00e8re r\u00e9guli\u00e8re. Ce site est normalement accessible \u00e0 tout moment aux utilisateurs. Une interruption pour raison de maintenance technique peut \u00eatre toutefois d\u00e9cid\u00e9e par acfri.com, qui s&rsquo;efforcera alors de communiquer pr\u00e9alablement aux utilisateurs les dates et heures de l&rsquo;intervention.<\/p><p>Le site acfri.com est mis \u00e0 jour r\u00e9guli\u00e8rement par le Webmaster. De la m\u00eame fa\u00e7on, les mentions l\u00e9gales peuvent \u00eatre modifi\u00e9es \u00e0 tout moment : elles s&rsquo;imposent n\u00e9anmoins \u00e0 l&rsquo;utilisateur qui est invit\u00e9 \u00e0 s&rsquo;y r\u00e9f\u00e9rer le plus souvent possible afin d&rsquo;en prendre connaissance.<\/p><h1>Description des services fournis<\/h1><p>Le site acfri.com a pour objet de fournir une information concernant l&rsquo;ensemble des activit\u00e9s de la soci\u00e9t\u00e9. ATELIER CONSTRUCTION FRIGORIFIQUE (ACFRI) s&rsquo;efforce de fournir sur le site acfri.com des informations aussi pr\u00e9cises que possible. Toutefois, elle ne pourra \u00eatre tenue responsable des omissions, des inexactitudes et des carences dans la mise \u00e0 jour, qu&rsquo;elles soient de son fait ou du fait des tiers partenaires qui lui fournissent ces informations.<\/p><p>Toutes les informations indiqu\u00e9es sur le site acfri.com sont donn\u00e9es \u00e0 titre indicatif, et sont susceptibles d&rsquo;\u00e9voluer. Par ailleurs, les renseignements figurant sur le site acfri.com ne sont pas exhaustifs. Ils sont donn\u00e9s sous r\u00e9serve de modifications ayant \u00e9t\u00e9 apport\u00e9es depuis leur mise en ligne.<\/p><h1>Limitations contractuelles sur les donn\u00e9es techniques<\/h1><p>Le site utilise la technologie JavaScript. Le site Internet ne pourra \u00eatre tenu responsable de dommages mat\u00e9riels li\u00e9s \u00e0 l&rsquo;utilisation du site. De plus, l&rsquo;utilisateur du site s&rsquo;engage \u00e0 acc\u00e9der au site en utilisant un mat\u00e9riel r\u00e9cent, ne contenant pas de virus et avec un navigateur de derni\u00e8re g\u00e9n\u00e9ration mis-\u00e0-jour.<\/p><h1>Propri\u00e9t\u00e9 intellectuelle et contrefa\u00e7ons<\/h1><p>La SA ATELIER CONSTRUCTION FRIGORIFIQUE (ACFRI) est propri\u00e9taire des droits de propri\u00e9t\u00e9 intellectuelle ou d\u00e9tient les droits d&rsquo;usage sur tous les \u00e9l\u00e9ments accessibles sur le site, notamment les textes, images, graphismes, logo, ic\u00f4nes, sons, logiciels. Toute reproduction, repr\u00e9sentation, modification, publication, adaptation de tout ou partie des \u00e9l\u00e9ments du site, quel que soit le moyen ou le proc\u00e9d\u00e9 utilis\u00e9, est interdite, sauf autorisation \u00e9crite pr\u00e9alable de SA ATELIER CONSTRUCTION FRIGORIFIQUE (ACFRI).<\/p><p>Toute exploitation non autoris\u00e9e du site ou de l&rsquo;un quelconque des \u00e9l\u00e9ments qu&rsquo;il contient seront consid\u00e9r\u00e9s comme constitutive d&rsquo;une contrefa\u00e7on et poursuivie conform\u00e9ment aux dispositions des articles L.335-2 et suivants du Code de Propri\u00e9t\u00e9 Intellectuelle.<\/p><h1>Limitations de responsabilit\u00e9<\/h1><p>La SA ATELIER CONSTRUCTION FRIGORIFIQUE (ACFRI) ne pourra \u00eatre tenue responsable des dommages directs et indirects caus\u00e9s au mat\u00e9riel de l&rsquo;utilisateur, lors de l&rsquo;acc\u00e8s au site ACFRI, et r\u00e9sultant soit de l&rsquo;utilisation d&rsquo;un mat\u00e9riel ne r\u00e9pondant pas aux sp\u00e9cifications indiqu\u00e9es au point 4, soit de l&rsquo;apparition d&rsquo;un bug ou d&rsquo;une incompatibilit\u00e9.<\/p><p>La SA ATELIER CONSTRUCTION FRIGORIFIQUE (ACFRI) ne pourra \u00e9galement \u00eatre tenue responsable des dommages indirects (tels par exemple qu&rsquo;une perte de march\u00e9 ou perte d&rsquo;une chance) cons\u00e9cutifs \u00e0 l&rsquo;utilisation du site acfricomr.<\/p><p>Des espaces interactifs (possibilit\u00e9 de poser des questions dans l&rsquo;espace contact) sont \u00e0 la disposition des utilisateurs. La SA ATELIER CONSTRUCTION FRIGORIFIQUE (ACFRI) se r\u00e9serve le droit de supprimer, sans mise en demeure pr\u00e9alable, tout contenu d\u00e9pos\u00e9 dans cet espace qui contreviendrait \u00e0 la l\u00e9gislation applicable en France, en particulier aux dispositions relatives \u00e0 la protection des donn\u00e9es. Le cas \u00e9ch\u00e9ant, La SA ATELIER CONSTRUCTION FRIGORIFIQUE (ACFRI) se r\u00e9serve \u00e9galement la possibilit\u00e9 de mettre en cause la responsabilit\u00e9 civile et\/ou p\u00e9nale de l&rsquo;utilisateur, notamment en cas de message \u00e0 caract\u00e8re raciste, injurieux, diffamant, ou pornographique, quel que soit le support utilis\u00e9 (texte, photographie&#8230;).<\/p><h1>Gestion des donn\u00e9es personnelles<\/h1><p>En France, les donn\u00e9es personnelles sont notamment prot\u00e9g\u00e9es par la loi n\u00b0 78-87 du 6 janvier 1978, la loi n\u00b0 2004-801 du 6 ao\u00fbt 2004, l&rsquo;article L. 226-13 du Code p\u00e9nal et la Directive Europ\u00e9enne du 24 octobre 1995.<br \/>A l&rsquo;occasion de l&rsquo;utilisation du site acfri.com, peuvent \u00eatre recueillies : l&rsquo;URL des liens par l&rsquo;interm\u00e9diaire desquels l&rsquo;utilisateur a acc\u00e9d\u00e9 au site acfri.com, le fournisseur d&rsquo;acc\u00e8s de l&rsquo;utilisateur, l&rsquo;adresse de protocole Internet (IP) de l&rsquo;utilisateur.<\/p><p>En tout \u00e9tat de cause la SA ATELIER CONSTRUCTION FRIGORIFIQUE (ACFRI) ne collecte des informations personnelles relatives \u00e0 l&rsquo;utilisateur que pour le besoin de certains services propos\u00e9s par le site acfri.com. L&rsquo;utilisateur fournit ces informations en toute connaissance de cause, notamment lorsqu&rsquo;il proc\u00e8de par lui-m\u00eame \u00e0 leur saisie. Il est alors pr\u00e9cis\u00e9 \u00e0 l&rsquo;utilisateur du site acfri.com l&rsquo;obligation ou non de fournir ces informations.<\/p><p>Conform\u00e9ment aux dispositions des articles 38 et suivants de la loi 78-17 du 6 janvier 1978 relative \u00e0 l&rsquo;informatique, aux fichiers et aux libert\u00e9s, tout utilisateur dispose d&rsquo;un droit d&rsquo;acc\u00e8s, de rectification et d&rsquo;opposition aux donn\u00e9es personnelles le concernant, en effectuant sa demande \u00e9crite et sign\u00e9e, accompagn\u00e9e d&rsquo;une copie du titre d&rsquo;identit\u00e9 avec signature du titulaire de la pi\u00e8ce, en pr\u00e9cisant l&rsquo;adresse \u00e0 laquelle la r\u00e9ponse doit \u00eatre envoy\u00e9e.<\/p><p>Aucune information personnelle de l&rsquo;utilisateur du site acfri.com n&rsquo;est publi\u00e9e \u00e0 l&rsquo;insu de l&rsquo;utilisateur, \u00e9chang\u00e9e, transf\u00e9r\u00e9e, c\u00e9d\u00e9e ou vendue sur un support quelconque \u00e0 des tiers. Seule l&rsquo;hypoth\u00e8se du rachat de la SA ATELIER CONSTRUCTION FRIGORIFIQUE (ACFRI) et de ses droits permettrait la transmission des dites informations \u00e0 l&rsquo;\u00e9ventuel acqu\u00e9reur qui serait \u00e0 son tour tenu de la m\u00eame obligation de conservation et de modification des donn\u00e9es vis \u00e0 vis de l&rsquo;utilisateur du site acfri.com. Les bases de donn\u00e9es sont prot\u00e9g\u00e9es par les dispositions de la loi du 1er juillet 1998 transposant la directive 96\/9 du 11 mars 1996 relative \u00e0 la protection juridique des bases de donn\u00e9es.<\/p><h1>Liens hypertextes et cookies<\/h1><p>Le site acfri.com contient un certain nombre de liens hypertextes vers d&rsquo;autres sites, mis en place avec l&rsquo;autorisation de la SA ATELIER CONSTRUCTION FRIGORIFIQUE (ACFRI). Cependant, la SA ATELIER CONSTRUCTION FRIGORIFIQUE (ACFRI) n&rsquo;a pas la possibilit\u00e9 de v\u00e9rifier le contenu des sites ainsi visit\u00e9s, et n&rsquo;assumera en cons\u00e9quence aucune responsabilit\u00e9 de ce fait.<\/p><p>La navigation sur le site acfri.com est susceptible de provoquer l&rsquo;installation de cookie(s) sur l&rsquo;ordinateur de l&rsquo;utilisateur. Un cookie est un fichier de petite taille, qui ne permet pas l&rsquo;identification de l&rsquo;utilisateur, mais qui enregistre des informations relatives \u00e0 la navigation d&rsquo;un ordinateur sur un site. Les donn\u00e9es ainsi obtenues visent \u00e0 faciliter la navigation ult\u00e9rieure sur le site, et ont \u00e9galement vocation \u00e0 permettre diverses mesures de fr\u00e9quentation.<br \/>Le refus d&rsquo;installation d&rsquo;un cookie peut entra\u00eener l&rsquo;impossibilit\u00e9 d&rsquo;acc\u00e9der \u00e0 certains services. L&rsquo;utilisateur peut toutefois configurer son ordinateur de la mani\u00e8re suivante, pour refuser l&rsquo;installation des cookies :\u2028Sous Internet Explorer : onglet outil \/ options internet. Cliquez sur Confidentialit\u00e9 et choisissez Bloquer tous les cookies. Validez sur Ok.\u2028 Sous Netscape : onglet \u00e9dition \/ pr\u00e9f\u00e9rences. Cliquez sur Avanc\u00e9es et choisissez D\u00e9sactiver les cookies. Validez sur Ok.<br \/>Droit applicable et attribution de juridiction.<\/p><p>Tout litige en relation avec l&rsquo;utilisation du site acfri.com est soumis au droit fran\u00e7ais. Il est fait attribution exclusive de juridiction aux tribunaux comp\u00e9tents de Paris.<\/p><h1>Les principales lois concern\u00e9es<\/h1><ul><li>Loi n\u00b0 78-87 du 6 janvier 1978, notamment modifi\u00e9e par la loi n\u00b0 2004-801 du 6 ao\u00fbt 2004 relative \u00e0 l&rsquo;informatique, aux fichiers et aux libert\u00e9s.<\/li><li>Loi n\u00b0 2004-575 du 21 juin 2004 pour la confiance dans l&rsquo;\u00e9conomie num\u00e9rique.<\/li><li>Lexique.<br \/>&#8211; Utilisateur : Internaute se connectant, utilisant le site susnomm\u00e9.<br \/>&#8211; Informations personnelles : \u00ab\u00a0les informations qui permettent, sous quelque forme que ce soit, directement ou non, l&rsquo;identification des personnes physiques auxquelles elles s&rsquo;appliquent\u00a0\u00bb (article 4 de la loi n\u00b0 78-17 du 6 janvier 1978).<\/li><\/ul>\t\t\t\t\t\t\t\t<\/div>\n\t\t\t\t\t<\/div>\n\t\t\t\t<\/div>\n\t\t\t\t<\/div>\n\t\t","protected":false},"excerpt":{"rendered":"<p>Mentions l\u00e9gales Pr\u00e9sentation du site En vertu de l&rsquo;article 6 de la loi n\u00b0 2004-575 du 21 juin 2004 pour la confiance dans l&rsquo;\u00e9conomie num\u00e9rique, il est pr\u00e9cis\u00e9 aux utilisateurs du site\u00a0acfri.com\u00a0l&rsquo;identit\u00e9 des diff\u00e9rents intervenants dans le cadre de sa r\u00e9alisation et de son suivi :Identification : ATELIER CONSTRUCTION FRIGORIFIQUE (ACFRI)SA au capital de 600 [&hellip;]<\/p>\n","protected":false},"author":1,"featured_media":0,"parent":0,"menu_order":0,"comment_status":"closed","ping_status":"closed","template":"elementor_header_footer","meta":{"_acf_changed":false,"footnotes":""},"class_list":["post-1131","page","type-page","status-publish","hentry"],"acf":[],"_links":{"self":[{"href":"https:\/\/acfri.com\/fr\/wp-json\/wp\/v2\/pages\/1131","targetHints":{"allow":["GET"]}}],"collection":[{"href":"https:\/\/acfri.com\/fr\/wp-json\/wp\/v2\/pages"}],"about":[{"href":"https:\/\/acfri.com\/fr\/wp-json\/wp\/v2\/types\/page"}],"author":[{"embeddable":true,"href":"https:\/\/acfri.com\/fr\/wp-json\/wp\/v2\/users\/1"}],"replies":[{"embeddable":true,"href":"https:\/\/acfri.com\/fr\/wp-json\/wp\/v2\/comments?post=1131"}],"version-history":[{"count":13,"href":"https:\/\/acfri.com\/fr\/wp-json\/wp\/v2\/pages\/1131\/revisions"}],"predecessor-version":[{"id":3016,"href":"https:\/\/acfri.com\/fr\/wp-json\/wp\/v2\/pages\/1131\/revisions\/3016"}],"wp:attachment":[{"href":"https:\/\/acfri.com\/fr\/wp-json\/wp\/v2\/media?parent=1131"}],"curies":[{"name":"wp","href":"https:\/\/api.w.org\/{rel}","templated":true}]}}