{"id":2671,"date":"2025-08-25T12:53:42","date_gmt":"2025-08-25T10:53:42","guid":{"rendered":"https:\/\/acfri-refonte.fr\/produit\/cellule-de-refroidissement-esp10-fluide-r290\/"},"modified":"2026-04-16T10:57:03","modified_gmt":"2026-04-16T08:57:03","slug":"cellule-de-refroidissement-esp10-groupe-a-air-integre","status":"publish","type":"product","link":"https:\/\/acfri.com\/es\/producto\/cellule-de-refroidissement-esp10-groupe-a-air-integre\/","title":{"rendered":"Cellule de refroidissement Esp10 groupe \u00e0 air int\u00e9gr\u00e9"},"content":{"rendered":"<p>Mod\u00e8le Esp10<br \/>\nCellule inox mixte GN1\/1 avec 10 \u00e0 19 niveaux.<br \/>\nRefroidissement rapide : cycle 110 minutes : 50kg.<br \/>\nSurg\u00e9lation :<br \/>\n&#8211; Viennoiseries : cycle 60 min (12 kg)<br \/>\n&#8211; Patisseries individuelles : cycle 90min (12 kg)<br \/>\nSecteurs : Boulangerie.<\/p>","protected":false},"excerpt":{"rendered":"<p>Cellule inox mixte GN1\/1 professionnelle \u00e0 grille avec 10 \u00e0 19 niveaux.<\/p>","protected":false},"featured_media":630,"comment_status":"open","ping_status":"closed","template":"","meta":{"_acf_changed":false},"product_brand":[],"product_cat":[35],"product_tag":[42],"class_list":{"0":"post-2671","1":"product","2":"type-product","3":"status-publish","4":"has-post-thumbnail","6":"product_cat-cellule-grilles","7":"product_tag-boulangerie-glacier","8":"pa_nombre-de-niveaux-10-a-19-niveaux","9":"pa_refroidissement-capacite-2-50kg","10":"pa_refroidissement-temps-2-110mn","11":"pa_surgelation-capacite-1-12kg","12":"pa_surgelation-capacite-2-12kg","13":"pa_surgelation-temps-1-cycle-120mn","14":"pa_surgelation-temps-2-cycle-90mn","16":"first","17":"instock","18":"shipping-taxable","19":"product-type-simple"},"acf":[],"_links":{"self":[{"href":"https:\/\/acfri.com\/es\/wp-json\/wp\/v2\/product\/2671","targetHints":{"allow":["GET"]}}],"collection":[{"href":"https:\/\/acfri.com\/es\/wp-json\/wp\/v2\/product"}],"about":[{"href":"https:\/\/acfri.com\/es\/wp-json\/wp\/v2\/types\/product"}],"replies":[{"embeddable":true,"href":"https:\/\/acfri.com\/es\/wp-json\/wp\/v2\/comments?post=2671"}],"version-history":[{"count":3,"href":"https:\/\/acfri.com\/es\/wp-json\/wp\/v2\/product\/2671\/revisions"}],"predecessor-version":[{"id":3811,"href":"https:\/\/acfri.com\/es\/wp-json\/wp\/v2\/product\/2671\/revisions\/3811"}],"wp:featuredmedia":[{"embeddable":true,"href":"https:\/\/acfri.com\/es\/wp-json\/wp\/v2\/media\/630"}],"wp:attachment":[{"href":"https:\/\/acfri.com\/es\/wp-json\/wp\/v2\/media?parent=2671"}],"wp:term":[{"taxonomy":"product_brand","embeddable":true,"href":"https:\/\/acfri.com\/es\/wp-json\/wp\/v2\/product_brand?post=2671"},{"taxonomy":"product_cat","embeddable":true,"href":"https:\/\/acfri.com\/es\/wp-json\/wp\/v2\/product_cat?post=2671"},{"taxonomy":"product_tag","embeddable":true,"href":"https:\/\/acfri.com\/es\/wp-json\/wp\/v2\/product_tag?post=2671"}],"curies":[{"name":"wp","href":"https:\/\/api.w.org\/{rel}","templated":true}]}}