{"id":2586,"date":"2025-08-25T12:53:22","date_gmt":"2025-08-25T10:53:22","guid":{"rendered":"https:\/\/acfri-refonte.fr\/produit\/cellule-de-refroidissement-e40-fluide-r290\/"},"modified":"2026-04-08T10:43:36","modified_gmt":"2026-04-08T08:43:36","slug":"cellule-de-refroidissement-e40-groupe-a-air-integre","status":"publish","type":"product","link":"https:\/\/acfri.com\/es\/producto\/cellule-de-refroidissement-e40-groupe-a-air-integre\/","title":{"rendered":"Cellule de refroidissement E40 groupe \u00e0 air int\u00e9gr\u00e9"},"content":{"rendered":"<p>Mod\u00e8le E40<br \/>\nCellule inox mixte GN1\/1 avec 8 \u00e0 15 niveaux.<br \/>\nRefroidissement rapide : cycle 90 :32kg  et 110 minutes pour 40 kg.<br \/>\nSurg\u00e9lation :<br \/>\n&#8211; Viandes crues : cycle 120 min (20 kg)<br \/>\n&#8211; Plats cuisin\u00e9s : cycle 4h50 (20 kg)<\/p>\n<p>Secteurs : Restauration.<\/p>","protected":false},"excerpt":{"rendered":"<p>Cellule inox mixte GN1\/1 professionnelle avec 8 \u00e0 15 niveaux.<\/p>","protected":false},"featured_media":636,"comment_status":"open","ping_status":"closed","template":"","meta":{"_acf_changed":false},"product_brand":[],"product_cat":[35],"product_tag":[18],"class_list":{"0":"post-2586","1":"product","2":"type-product","3":"status-publish","4":"has-post-thumbnail","6":"product_cat-cellule-grilles","7":"product_tag-restauration","8":"pa_nombre-de-niveaux-8-a-15-niveaux","9":"pa_refroidissement-capacite-1-32kg","10":"pa_refroidissement-capacite-2-40kg","11":"pa_refroidissement-temps-1-90-mn","12":"pa_refroidissement-temps-2-110mn","13":"pa_surgelation-capacite-1-20kg","14":"pa_surgelation-capacite-2-20kg","15":"pa_surgelation-temps-1-cycle-120mn","16":"pa_surgelation-temps-2-4h50","18":"first","19":"instock","20":"shipping-taxable","21":"product-type-simple"},"acf":[],"_links":{"self":[{"href":"https:\/\/acfri.com\/es\/wp-json\/wp\/v2\/product\/2586","targetHints":{"allow":["GET"]}}],"collection":[{"href":"https:\/\/acfri.com\/es\/wp-json\/wp\/v2\/product"}],"about":[{"href":"https:\/\/acfri.com\/es\/wp-json\/wp\/v2\/types\/product"}],"replies":[{"embeddable":true,"href":"https:\/\/acfri.com\/es\/wp-json\/wp\/v2\/comments?post=2586"}],"version-history":[{"count":1,"href":"https:\/\/acfri.com\/es\/wp-json\/wp\/v2\/product\/2586\/revisions"}],"predecessor-version":[{"id":3626,"href":"https:\/\/acfri.com\/es\/wp-json\/wp\/v2\/product\/2586\/revisions\/3626"}],"wp:featuredmedia":[{"embeddable":true,"href":"https:\/\/acfri.com\/es\/wp-json\/wp\/v2\/media\/636"}],"wp:attachment":[{"href":"https:\/\/acfri.com\/es\/wp-json\/wp\/v2\/media?parent=2586"}],"wp:term":[{"taxonomy":"product_brand","embeddable":true,"href":"https:\/\/acfri.com\/es\/wp-json\/wp\/v2\/product_brand?post=2586"},{"taxonomy":"product_cat","embeddable":true,"href":"https:\/\/acfri.com\/es\/wp-json\/wp\/v2\/product_cat?post=2586"},{"taxonomy":"product_tag","embeddable":true,"href":"https:\/\/acfri.com\/es\/wp-json\/wp\/v2\/product_tag?post=2586"}],"curies":[{"name":"wp","href":"https:\/\/api.w.org\/{rel}","templated":true}]}}