{"id":2580,"date":"2025-08-25T12:53:21","date_gmt":"2025-08-25T10:53:21","guid":{"rendered":"https:\/\/acfri-refonte.fr\/produit\/cellule-de-refroidissement-e15-r290\/"},"modified":"2026-04-08T10:51:59","modified_gmt":"2026-04-08T08:51:59","slug":"cellule-de-refroidissement-e15-groupe-a-air-integre","status":"publish","type":"product","link":"https:\/\/acfri.com\/es\/producto\/cellule-de-refroidissement-e15-groupe-a-air-integre\/","title":{"rendered":"Cellule de refroidissement E15 groupe \u00e0 air int\u00e9gr\u00e9"},"content":{"rendered":"<p>Mod\u00e8le E15<br \/>\nCellule inox mixte GN1\/1 avec 4 \u00e0 7 niveaux.<br \/>\nRefroidissement rapide : cycle  90 : 12kg  et 110 minutes :15 kg.<br \/>\nSurg\u00e9lation :<br \/>\n&#8211; Viandes crues : cycle 120 min (4 kg)<br \/>\n&#8211; Plats cuisin\u00e9s: cycle 4h50 (4 kg)<br \/>\nSecteurs : Restauration.<\/p>","protected":false},"excerpt":{"rendered":"<p>Cellule inox mixte GN1\/1 professionnelle \u00e0 grille avec 4 \u00e0 9 niveaux.<\/p>","protected":false},"featured_media":641,"comment_status":"open","ping_status":"closed","template":"","meta":{"_acf_changed":false},"product_brand":[],"product_cat":[35],"product_tag":[18],"class_list":{"0":"post-2580","1":"product","2":"type-product","3":"status-publish","4":"has-post-thumbnail","6":"product_cat-cellule-grilles","7":"product_tag-restauration","8":"pa_nombre-de-niveaux-4-a-7-niveaux","9":"pa_refroidissement-capacite-1-12kg","10":"pa_refroidissement-temps-1-90-mn","11":"pa_refroidissement-temps-2-110mn","12":"pa_surgelation-capacite-1-4kg","13":"pa_surgelation-capacite-2-4kg","14":"pa_surgelation-temps-1-cycle-120mn","15":"pa_surgelation-temps-2-4h50","17":"first","18":"instock","19":"shipping-taxable","20":"product-type-simple"},"acf":[],"_links":{"self":[{"href":"https:\/\/acfri.com\/es\/wp-json\/wp\/v2\/product\/2580","targetHints":{"allow":["GET"]}}],"collection":[{"href":"https:\/\/acfri.com\/es\/wp-json\/wp\/v2\/product"}],"about":[{"href":"https:\/\/acfri.com\/es\/wp-json\/wp\/v2\/types\/product"}],"replies":[{"embeddable":true,"href":"https:\/\/acfri.com\/es\/wp-json\/wp\/v2\/comments?post=2580"}],"version-history":[{"count":1,"href":"https:\/\/acfri.com\/es\/wp-json\/wp\/v2\/product\/2580\/revisions"}],"predecessor-version":[{"id":3633,"href":"https:\/\/acfri.com\/es\/wp-json\/wp\/v2\/product\/2580\/revisions\/3633"}],"wp:featuredmedia":[{"embeddable":true,"href":"https:\/\/acfri.com\/es\/wp-json\/wp\/v2\/media\/641"}],"wp:attachment":[{"href":"https:\/\/acfri.com\/es\/wp-json\/wp\/v2\/media?parent=2580"}],"wp:term":[{"taxonomy":"product_brand","embeddable":true,"href":"https:\/\/acfri.com\/es\/wp-json\/wp\/v2\/product_brand?post=2580"},{"taxonomy":"product_cat","embeddable":true,"href":"https:\/\/acfri.com\/es\/wp-json\/wp\/v2\/product_cat?post=2580"},{"taxonomy":"product_tag","embeddable":true,"href":"https:\/\/acfri.com\/es\/wp-json\/wp\/v2\/product_tag?post=2580"}],"curies":[{"name":"wp","href":"https:\/\/api.w.org\/{rel}","templated":true}]}}