{"id":1131,"date":"2025-07-30T17:17:19","date_gmt":"2025-07-30T15:17:19","guid":{"rendered":"https:\/\/acfri-refonte.fr\/?page_id=1131"},"modified":"2025-09-11T16:03:41","modified_gmt":"2025-09-11T14:03:41","slug":"mentions-legales","status":"publish","type":"page","link":"https:\/\/acfri.com\/es\/mentions-legales\/","title":{"rendered":"Informaci\u00f3n jur\u00eddica"},"content":{"rendered":"<div data-elementor-type=\"wp-page\" data-elementor-id=\"1131\" class=\"elementor elementor-1131\" data-elementor-post-type=\"page\">\n\t\t\t\t<div class=\"elementor-element elementor-element-0966ed6 e-flex e-con-boxed e-con e-parent\" data-id=\"0966ed6\" data-element_type=\"container\" data-e-type=\"container\" data-settings=\"{&quot;background_background&quot;:&quot;classic&quot;}\">\n\t\t\t\t\t<div class=\"e-con-inner\">\n\t\t\t\t<div class=\"elementor-element elementor-element-af1a4dd elementor-widget elementor-widget-woocommerce-breadcrumb\" data-id=\"af1a4dd\" data-element_type=\"widget\" data-e-type=\"widget\" data-widget_type=\"woocommerce-breadcrumb.default\">\n\t\t\t\t\t<nav class=\"woocommerce-breadcrumb\" aria-label=\"Breadcrumb\" data-no-translation=\"\" data-trp-gettext=\"\">Inicio<\/nav>\t\t\t\t<\/div>\n\t\t\t\t<div class=\"elementor-element elementor-element-0d43999 elementor-widget elementor-widget-heading\" data-id=\"0d43999\" data-element_type=\"widget\" data-e-type=\"widget\" data-widget_type=\"heading.default\">\n\t\t\t\t\t<h2 class=\"elementor-heading-title elementor-size-default\">Informaci\u00f3n jur\u00eddica<\/h2>\t\t\t\t<\/div>\n\t\t\t\t\t<\/div>\n\t\t\t\t<\/div>\n\t\t<div class=\"elementor-element elementor-element-3a98179 blocproduit e-flex e-con-boxed e-con e-parent\" data-id=\"3a98179\" data-element_type=\"container\" data-e-type=\"container\" data-settings=\"{&quot;background_background&quot;:&quot;classic&quot;}\">\n\t\t\t\t\t<div class=\"e-con-inner\">\n\t\t\t\t<div class=\"elementor-element elementor-element-eeeb3a7 elementor-widget elementor-widget-heading\" data-id=\"eeeb3a7\" data-element_type=\"widget\" data-e-type=\"widget\" data-widget_type=\"heading.default\">\n\t\t\t\t\t<h2 class=\"elementor-heading-title elementor-size-default\">Presentaci\u00f3n del sitio<\/h2>\t\t\t\t<\/div>\n\t\t\t\t<div class=\"elementor-element elementor-element-50de3f5 elementor-widget elementor-widget-text-editor\" data-id=\"50de3f5\" data-element_type=\"widget\" data-e-type=\"widget\" data-widget_type=\"text-editor.default\">\n\t\t\t\t\t\t\t\t\t<p>En aplicaci\u00f3n del art\u00edculo 6 de la Ley n\u00ba 2004-575 de 21 de junio de 2004 sobre la confianza en la econom\u00eda digital, se informa a los usuarios del sitio web acfri.com de la identidad de las distintas partes que participan en su creaci\u00f3n y seguimiento:<br \/>Identificaci\u00f3n : ATELIER CONSTRUCTION FRIGORIFIQUE (ACFRI)<br \/>SA con capital de 600.000 euros<br \/>Fabricaci\u00f3n de equipos industriales de aire acondicionado y refrigeraci\u00f3n, escaparate de la empresa.<\/p><ul><li>N\u00famero de identificaci\u00f3n: Evry B 341 837 003<\/li><li>Fecha de registro: 29 de julio de 1987<\/li><li>N\u00famero de IVA: FR55 341 837 003<\/li><li>Domicilio social: ZA des bordes - 8, rue Pierre Josse - 91070<\/li><li>BONDOUFLE - Francia<\/li><li>Tel\u00e9fono: + 33 (0)1.69.11.83.00<\/li><li>Correo electr\u00f3nico : acfri@acfri.com<\/li><\/ul>\t\t\t\t\t\t\t\t<\/div>\n\t\t\t\t<div class=\"elementor-element elementor-element-6504eb1 elementor-widget elementor-widget-heading\" data-id=\"6504eb1\" data-element_type=\"widget\" data-e-type=\"widget\" data-widget_type=\"heading.default\">\n\t\t\t\t\t<h2 class=\"elementor-heading-title elementor-size-default\">Producci\u00f3n<\/h2>\t\t\t\t<\/div>\n\t\t\t\t<div class=\"elementor-element elementor-element-ace274e elementor-widget elementor-widget-text-editor\" data-id=\"ace274e\" data-element_type=\"widget\" data-e-type=\"widget\" data-widget_type=\"text-editor.default\">\n\t\t\t\t\t\t\t\t\t<p>El sitio web acfi.fr ha sido dise\u00f1ado por Galadrim.<\/p>\t\t\t\t\t\t\t\t<\/div>\n\t\t\t\t<div class=\"elementor-element elementor-element-a1ee1f7 elementor-widget elementor-widget-text-editor\" data-id=\"a1ee1f7\" data-element_type=\"widget\" data-e-type=\"widget\" data-widget_type=\"text-editor.default\">\n\t\t\t\t\t\t\t\t\t<h1>Alojamiento<\/h1><p>El sitio web acfri.com est\u00e1 alojado en la empresa\u00a0<a title=\"ovh\" href=\"https:\/\/www.ovh.com\/fr\/\" target=\"_blank\" rel=\"noopener noreferrer\">OVH<\/a>\u00a0- SAS con capital de 10.000.000 euros - RCS Roubaix - Tourcoing 424 761 419 00045 - C\u00f3digo APE 6202A - NIF: FR 22 424 761 419 - Domicilio social: 2 rue Kellermann - 59100 Roubaix - Francia.<\/p><h1>Condiciones generales de uso del sitio y de los servicios ofrecidos<\/h1><p>El uso del sitio web acfri.com implica la plena aceptaci\u00f3n de las condiciones generales de uso que se describen a continuaci\u00f3n. Estas condiciones de uso pueden ser modificadas o completadas en cualquier momento, por lo que se aconseja a los usuarios del sitio web acfri.com que las consulten peri\u00f3dicamente. Este sitio es normalmente accesible a los usuarios en todo momento. No obstante, acfri.com puede decidir interrumpir el sitio por motivos de mantenimiento t\u00e9cnico, en cuyo caso acfri.com se esforzar\u00e1 por informar a los usuarios con antelaci\u00f3n de las fechas y horas de la intervenci\u00f3n.<\/p><p>El sitio web acfri.com es actualizado regularmente por el Webmaster. Del mismo modo, los avisos legales pueden modificarse en cualquier momento: no obstante, son vinculantes para el usuario, al que se invita a consultarlos con la mayor frecuencia posible para su lectura.<\/p><h1>Descripci\u00f3n de los servicios prestados<\/h1><p>El sitio web acfri.com tiene por objeto proporcionar informaci\u00f3n relativa al conjunto de las actividades de la empresa. ATELIER CONSTRUCTION FRIGORIFIQUE (ACFRI) se esfuerza por ofrecer en el sitio acfri.com informaci\u00f3n lo m\u00e1s exacta posible. Sin embargo, no podr\u00e1 ser considerada responsable de las omisiones, inexactitudes o falta de actualizaci\u00f3n de dicha informaci\u00f3n, ya sean causadas por ella misma o por terceros asociados que suministren dicha informaci\u00f3n.<\/p><p>Toda la informaci\u00f3n contenida en el sitio web acfri.com se facilita a t\u00edtulo meramente informativo y est\u00e1 sujeta a cambios. Adem\u00e1s, la informaci\u00f3n del sitio web acfri.com no es exhaustiva. Est\u00e1 sujeta a cambios desde su puesta en l\u00ednea.<\/p><h1>Limitaciones contractuales de los datos t\u00e9cnicos<\/h1><p>El sitio utiliza tecnolog\u00eda JavaScript. El sitio web no se hace responsable de los da\u00f1os materiales relacionados con su uso. Adem\u00e1s, los usuarios del sitio se comprometen a acceder a \u00e9l utilizando equipos recientes, sin virus y con un navegador actualizado de \u00faltima generaci\u00f3n.<\/p><h1>Propiedad intelectual y falsificaci\u00f3n<\/h1><p>SA ATELIER CONSTRUCTION FRIGORIFIQUE (ACFRI) es propietaria de los derechos de propiedad intelectual o titular de los derechos de uso sobre todos los elementos accesibles en el sitio, en particular los textos, im\u00e1genes, gr\u00e1ficos, logotipos, iconos, sonidos y software. Cualquier reproducci\u00f3n, representaci\u00f3n, modificaci\u00f3n, publicaci\u00f3n, adaptaci\u00f3n de la totalidad o parte de los elementos del sitio, sea cual sea el medio o procedimiento utilizado, est\u00e1 prohibida, salvo autorizaci\u00f3n previa por escrito de SA ATELIER CONSTRUCTION FRIGORIFIQUE (ACFRI).<\/p><p>Cualquier uso no autorizado del sitio o de cualquiera de los elementos que contiene se considerar\u00e1 constitutivo de infracci\u00f3n y ser\u00e1 perseguido de conformidad con lo dispuesto en los art\u00edculos L.335-2 y siguientes del C\u00f3digo de la Propiedad Intelectual franc\u00e9s.<\/p><h1>Limitaci\u00f3n de responsabilidad<\/h1><p>SA ATELIER CONSTRUCTION FRIGORIFIQUE (ACFRI) no podr\u00e1 ser considerada responsable de los da\u00f1os directos o indirectos causados al equipo del usuario al acceder al sitio de la ACFRI, resultantes bien de la utilizaci\u00f3n de un equipo que no responda a las especificaciones indicadas en el punto 4, bien de la aparici\u00f3n de un fallo o de una incompatibilidad.<\/p><p>SA ATELIER CONSTRUCTION FRIGORIFIQUE (ACFRI) tampoco podr\u00e1 ser considerada responsable de los da\u00f1os indirectos (como la p\u00e9rdida de mercado o la p\u00e9rdida de oportunidades) resultantes de la utilizaci\u00f3n del sitio web acfricomr.<\/p><p>Los usuarios tienen a su disposici\u00f3n zonas interactivas (posibilidad de formular preguntas en la zona de contacto). SA ATELIER CONSTRUCTION FRIGORIFIQUE (ACFRI) se reserva el derecho de eliminar, sin previo aviso, cualquier contenido publicado en este espacio que contravenga la legislaci\u00f3n aplicable en Francia, en particular las disposiciones relativas a la protecci\u00f3n de datos. En su caso, SA ATELIER CONSTRUCTION FRIGORIFIQUE (ACFRI) tambi\u00e9n se reserva el derecho de exigir responsabilidades civiles y\/o penales al usuario, especialmente en caso de mensajes de car\u00e1cter racista, insultante, difamatorio o pornogr\u00e1fico, sea cual sea el soporte utilizado (texto, fotograf\u00edas, etc.).<\/p><h1>Gesti\u00f3n de datos personales<\/h1><p>En Francia, los datos personales est\u00e1n protegidos por la ley n\u00ba 78-87 de 6 de enero de 1978, la ley n\u00ba 2004-801 de 6 de agosto de 2004, el art\u00edculo L. 226-13 del C\u00f3digo Penal y la Directiva Europea de 24 de octubre de 1995.<br \/>Al utilizar el sitio web acfri.com, puede recopilarse la siguiente informaci\u00f3n: la URL de los enlaces a trav\u00e9s de los cuales el usuario accedi\u00f3 al sitio web acfri.com, el proveedor de acceso del usuario, la direcci\u00f3n de protocolo de Internet (IP) del usuario.<\/p><p>En cualquier caso, SA ATELIER CONSTRUCTION FRIGORIFIQUE (ACFRI) s\u00f3lo recoge informaci\u00f3n personal relativa al usuario a efectos de determinados servicios ofrecidos por el sitio web acfri.com. Los usuarios facilitan esta informaci\u00f3n con pleno conocimiento de causa, especialmente cuando la introducen ellos mismos. A continuaci\u00f3n, se informa a los usuarios del sitio web acfri.com de si est\u00e1n obligados o no a facilitar esta informaci\u00f3n.<\/p><p>De conformidad con las disposiciones de los art\u00edculos 38 y siguientes de la Ley 78-17 de 6 de enero de 1978 relativa a la inform\u00e1tica, a los ficheros y a las libertades, todo usuario dispone de un derecho de acceso, de rectificaci\u00f3n y de oposici\u00f3n a los datos de car\u00e1cter personal que le conciernan, mediante el env\u00edo de una solicitud escrita y firmada, acompa\u00f1ada de una copia del documento de identidad con la firma del portador del documento, precisando la direcci\u00f3n a la que debe enviarse la respuesta.<\/p><p>Ninguna informaci\u00f3n personal del usuario del sitio acfri.com es publicada sin su conocimiento, intercambiada, transferida, cedida o vendida en ning\u00fan soporte a terceros. \u00danicamente la asunci\u00f3n de la recompra de SA ATELIER CONSTRUCTION FRIGORIFIQUE (ACFRI) y de sus derechos permitir\u00eda la transmisi\u00f3n de dicha informaci\u00f3n al eventual comprador que, a su vez, estar\u00eda vinculado por la misma obligaci\u00f3n de conservaci\u00f3n y modificaci\u00f3n de los datos con respecto al usuario del sitio acfri.com. Las bases de datos est\u00e1n protegidas por las disposiciones de la ley de 1 de julio de 1998 que transpone la directiva 96\/9 de 11 de marzo de 1996 relativa a la protecci\u00f3n jur\u00eddica de las bases de datos.<\/p><h1>Hiperenlaces y cookies<\/h1><p>El sitio acfri.com contiene una serie de enlaces de hipertexto hacia otros sitios, establecidos con la autorizaci\u00f3n de SA ATELIER CONSTRUCTION FRIGORIFIQUE (ACFRI). No obstante, la SA ATELIER CONSTRUCTION FRIGORIFIQUE (ACFRI) no est\u00e1 en condiciones de controlar el contenido de los sitios visitados de este modo y, por consiguiente, no asume ninguna responsabilidad al respecto.<\/p><p>La navegaci\u00f3n por el sitio web acfri.com puede provocar la instalaci\u00f3n de cookies en el ordenador del usuario. Una cookie es un peque\u00f1o archivo que no permite identificar al usuario, pero que registra informaci\u00f3n relativa a la navegaci\u00f3n de un ordenador en un sitio. Los datos as\u00ed obtenidos tienen por objeto facilitar la navegaci\u00f3n posterior por el sitio y tambi\u00e9n se utilizan para medir el n\u00famero de visitantes.<br \/>Si rechaza la instalaci\u00f3n de una cookie, es posible que no pueda acceder a determinados servicios. No obstante, el usuario puede configurar su ordenador de la siguiente manera para rechazar la instalaci\u00f3n de cookies: Internet Explorer: pesta\u00f1a Herramientas \/ Opciones de Internet. Haga clic en Confidencialidad y seleccione Bloquear todas las cookies. Confirme con Ok.Para Netscape: pesta\u00f1a Editar \/ Preferencias. Haga clic en Avanzado y elija Desactivar las cookies. Confirme con Ok.<br \/>Legislaci\u00f3n y jurisdicci\u00f3n aplicables.<\/p><p>Cualquier litigio derivado de la utilizaci\u00f3n del sitio web acfri.com est\u00e1 sujeto a la legislaci\u00f3n francesa. Se concede jurisdicci\u00f3n exclusiva a los tribunales competentes de Par\u00eds.<\/p><h1>Las principales leyes afectadas<\/h1><ul><li>Ley n\u00ba 78-87 de 6 de enero de 1978, modificada por la Ley n\u00ba 2004-801 de 6 de agosto de 2004 relativa a la inform\u00e1tica, los ficheros y las libertades.<\/li><li>Ley n\u00ba 2004-575 de 21 de junio de 2004 sobre la confianza en la econom\u00eda digital.<\/li><li>L\u00e9xico.<br \/>- Usuario: Internauta que se conecta y utiliza el sitio mencionado.<br \/>- Informaci\u00f3n personal: \"informaci\u00f3n que permite, en cualquier forma, directa o indirectamente, la identificaci\u00f3n de las personas f\u00edsicas a las que se aplica\" (art\u00edculo 4 de la ley n\u00ba 78-17 de 6 de enero de 1978).<\/li><\/ul>\t\t\t\t\t\t\t\t<\/div>\n\t\t\t\t\t<\/div>\n\t\t\t\t<\/div>\n\t\t\t\t<\/div>","protected":false},"excerpt":{"rendered":"<p>Mentions l\u00e9gales Pr\u00e9sentation du site En vertu de l&rsquo;article 6 de la loi n\u00b0 2004-575 du 21 juin 2004 pour la confiance dans l&rsquo;\u00e9conomie num\u00e9rique, il est pr\u00e9cis\u00e9 aux utilisateurs du site\u00a0acfri.com\u00a0l&rsquo;identit\u00e9 des diff\u00e9rents intervenants dans le cadre de sa r\u00e9alisation et de son suivi :Identification : ATELIER CONSTRUCTION FRIGORIFIQUE (ACFRI)SA au capital de 600 [&hellip;]<\/p>\n","protected":false},"author":1,"featured_media":0,"parent":0,"menu_order":0,"comment_status":"closed","ping_status":"closed","template":"elementor_header_footer","meta":{"_acf_changed":false,"footnotes":""},"class_list":["post-1131","page","type-page","status-publish","hentry"],"acf":[],"_links":{"self":[{"href":"https:\/\/acfri.com\/es\/wp-json\/wp\/v2\/pages\/1131","targetHints":{"allow":["GET"]}}],"collection":[{"href":"https:\/\/acfri.com\/es\/wp-json\/wp\/v2\/pages"}],"about":[{"href":"https:\/\/acfri.com\/es\/wp-json\/wp\/v2\/types\/page"}],"author":[{"embeddable":true,"href":"https:\/\/acfri.com\/es\/wp-json\/wp\/v2\/users\/1"}],"replies":[{"embeddable":true,"href":"https:\/\/acfri.com\/es\/wp-json\/wp\/v2\/comments?post=1131"}],"version-history":[{"count":13,"href":"https:\/\/acfri.com\/es\/wp-json\/wp\/v2\/pages\/1131\/revisions"}],"predecessor-version":[{"id":3016,"href":"https:\/\/acfri.com\/es\/wp-json\/wp\/v2\/pages\/1131\/revisions\/3016"}],"wp:attachment":[{"href":"https:\/\/acfri.com\/es\/wp-json\/wp\/v2\/media?parent=1131"}],"curies":[{"name":"wp","href":"https:\/\/api.w.org\/{rel}","templated":true}]}}