{"id":2643,"date":"2025-08-25T12:53:36","date_gmt":"2025-08-25T10:53:36","guid":{"rendered":"https:\/\/acfri-refonte.fr\/produit\/cellule-de-refroidissement-ar380-p950-sg\/"},"modified":"2025-09-10T14:33:06","modified_gmt":"2025-09-10T12:33:06","slug":"cellule-de-refroidissement-ar380-p950-sg","status":"publish","type":"product","link":"https:\/\/acfri.com\/en\/product\/cellule-de-refroidissement-ar380-p950-sg\/","title":{"rendered":"AR380-P950-SG cooling cell"},"content":{"rendered":"<p>Mod\u00e8le AR380 P950                                                                               Cellule inox mixte GN1\/1 \u00e0 chariots. Nombre : 4 chariot de 20 niveaux.  Refroidissement rapide : cycle 80 minutes pour 300kg. 110 min : 350kg Surg\u00e9lation : &#8211; Viandes crues : cycle 120 min (90kg) &#8211; Plats cuisin\u00e9s : cycle 270min (90kg) Secteurs : Restauration.<\/p>","protected":false},"excerpt":{"rendered":"<p>Cellule inox mixte GN1\/1 professionnelle \u00e0 chariots. Nombred chariots : 4<\/p>","protected":false},"featured_media":652,"comment_status":"open","ping_status":"closed","template":"","meta":{"_acf_changed":false},"product_brand":[],"product_cat":[43],"product_tag":[18],"class_list":{"0":"post-2643","1":"product","2":"type-product","3":"status-publish","4":"has-post-thumbnail","6":"product_cat-cellule-a-chariots","7":"product_tag-restauration","8":"pa_nombre-de-niveaux-4-chariots","9":"pa_refroidissement-capacite-1-300kg","10":"pa_refroidissement-capacite-2-350kg","11":"pa_refroidissement-temps-1-80-mn","12":"pa_refroidissement-temps-2-110mn","13":"pa_surgelation-capacite-1-90kg","14":"pa_surgelation-capacite-2-90kg","15":"pa_surgelation-temps-1-cycle-120mn","16":"pa_surgelation-temps-2-cycle-270mn","18":"first","19":"instock","20":"shipping-taxable","21":"product-type-simple"},"acf":[],"_links":{"self":[{"href":"https:\/\/acfri.com\/en\/wp-json\/wp\/v2\/product\/2643","targetHints":{"allow":["GET"]}}],"collection":[{"href":"https:\/\/acfri.com\/en\/wp-json\/wp\/v2\/product"}],"about":[{"href":"https:\/\/acfri.com\/en\/wp-json\/wp\/v2\/types\/product"}],"replies":[{"embeddable":true,"href":"https:\/\/acfri.com\/en\/wp-json\/wp\/v2\/comments?post=2643"}],"version-history":[{"count":2,"href":"https:\/\/acfri.com\/en\/wp-json\/wp\/v2\/product\/2643\/revisions"}],"predecessor-version":[{"id":2935,"href":"https:\/\/acfri.com\/en\/wp-json\/wp\/v2\/product\/2643\/revisions\/2935"}],"wp:featuredmedia":[{"embeddable":true,"href":"https:\/\/acfri.com\/en\/wp-json\/wp\/v2\/media\/652"}],"wp:attachment":[{"href":"https:\/\/acfri.com\/en\/wp-json\/wp\/v2\/media?parent=2643"}],"wp:term":[{"taxonomy":"product_brand","embeddable":true,"href":"https:\/\/acfri.com\/en\/wp-json\/wp\/v2\/product_brand?post=2643"},{"taxonomy":"product_cat","embeddable":true,"href":"https:\/\/acfri.com\/en\/wp-json\/wp\/v2\/product_cat?post=2643"},{"taxonomy":"product_tag","embeddable":true,"href":"https:\/\/acfri.com\/en\/wp-json\/wp\/v2\/product_tag?post=2643"}],"curies":[{"name":"wp","href":"https:\/\/api.w.org\/{rel}","templated":true}]}}