{"id":2588,"date":"2025-08-25T12:53:23","date_gmt":"2025-08-25T10:53:23","guid":{"rendered":"https:\/\/acfri-refonte.fr\/produit\/cellule-de-refroidissement-e60-fluide-r290\/"},"modified":"2026-04-08T10:36:52","modified_gmt":"2026-04-08T08:36:52","slug":"cellule-de-refroidissement-e60-groupe-a-air-integre","status":"publish","type":"product","link":"https:\/\/acfri.com\/en\/product\/cellule-de-refroidissement-e60-groupe-a-air-integre\/","title":{"rendered":"Cellule de refroidissement E60 groupe \u00e0 air int\u00e9gr\u00e9"},"content":{"rendered":"<p>Mod\u00e8le E60<br \/>\nCellule inox mixte GN1\/1 avec 15 \u00e0 29 niveaux.<br \/>\nRefroidissement rapide : cycle 90 : 40kg et 110 minutes pour 60 kg.<br \/>\nSurg\u00e9lation :<br \/>\n&#8211; Viandes crues : cycle 120 min (20 kg)<br \/>\n&#8211; Plats cuisin\u00e9s : cycle 4h50 (20 kg)<br \/>\nSecteurs : Restauration.<\/p>","protected":false},"excerpt":{"rendered":"<p>Cellule inox mixte GN1\/1 professionnelle avec 15 \u00e0 29 niveaux.<\/p>","protected":false},"featured_media":1309,"comment_status":"open","ping_status":"closed","template":"","meta":{"_acf_changed":false},"product_brand":[],"product_cat":[35],"product_tag":[18],"class_list":{"0":"post-2588","1":"product","2":"type-product","3":"status-publish","4":"has-post-thumbnail","6":"product_cat-cellule-grilles","7":"product_tag-restauration","8":"pa_nombre-de-niveaux-15-a-29-niveaux","9":"pa_refroidissement-capacite-1-40kg","10":"pa_refroidissement-capacite-2-60kg","11":"pa_refroidissement-temps-1-90-mn","12":"pa_refroidissement-temps-2-110mn","13":"pa_surgelation-capacite-1-20kg","14":"pa_surgelation-capacite-2-20kg","15":"pa_surgelation-temps-1-cycle-120mn","16":"pa_surgelation-temps-2-4h50","18":"first","19":"instock","20":"shipping-taxable","21":"product-type-simple"},"acf":[],"_links":{"self":[{"href":"https:\/\/acfri.com\/en\/wp-json\/wp\/v2\/product\/2588","targetHints":{"allow":["GET"]}}],"collection":[{"href":"https:\/\/acfri.com\/en\/wp-json\/wp\/v2\/product"}],"about":[{"href":"https:\/\/acfri.com\/en\/wp-json\/wp\/v2\/types\/product"}],"replies":[{"embeddable":true,"href":"https:\/\/acfri.com\/en\/wp-json\/wp\/v2\/comments?post=2588"}],"version-history":[{"count":1,"href":"https:\/\/acfri.com\/en\/wp-json\/wp\/v2\/product\/2588\/revisions"}],"predecessor-version":[{"id":3624,"href":"https:\/\/acfri.com\/en\/wp-json\/wp\/v2\/product\/2588\/revisions\/3624"}],"wp:featuredmedia":[{"embeddable":true,"href":"https:\/\/acfri.com\/en\/wp-json\/wp\/v2\/media\/1309"}],"wp:attachment":[{"href":"https:\/\/acfri.com\/en\/wp-json\/wp\/v2\/media?parent=2588"}],"wp:term":[{"taxonomy":"product_brand","embeddable":true,"href":"https:\/\/acfri.com\/en\/wp-json\/wp\/v2\/product_brand?post=2588"},{"taxonomy":"product_cat","embeddable":true,"href":"https:\/\/acfri.com\/en\/wp-json\/wp\/v2\/product_cat?post=2588"},{"taxonomy":"product_tag","embeddable":true,"href":"https:\/\/acfri.com\/en\/wp-json\/wp\/v2\/product_tag?post=2588"}],"curies":[{"name":"wp","href":"https:\/\/api.w.org\/{rel}","templated":true}]}}