{"id":2291,"date":"2025-08-20T16:22:46","date_gmt":"2025-08-20T14:22:46","guid":{"rendered":"https:\/\/acfri-refonte.fr\/?page_id=2291"},"modified":"2026-02-05T17:12:59","modified_gmt":"2026-02-05T16:12:59","slug":"technologies","status":"publish","type":"page","link":"https:\/\/acfri.com\/en\/technologies\/","title":{"rendered":"Technologies"},"content":{"rendered":"<div data-elementor-type=\"wp-page\" data-elementor-id=\"2291\" class=\"elementor elementor-2291\" data-elementor-post-type=\"page\">\n\t\t\t\t<div class=\"elementor-element elementor-element-0966ed6 e-flex e-con-boxed e-con e-parent\" data-id=\"0966ed6\" data-element_type=\"container\" data-e-type=\"container\" data-settings=\"{&quot;background_background&quot;:&quot;classic&quot;}\">\n\t\t\t\t\t<div class=\"e-con-inner\">\n\t\t\t\t<div class=\"elementor-element elementor-element-af1a4dd elementor-widget elementor-widget-woocommerce-breadcrumb\" data-id=\"af1a4dd\" data-element_type=\"widget\" data-e-type=\"widget\" data-widget_type=\"woocommerce-breadcrumb.default\">\n\t\t\t\t\t<nav class=\"woocommerce-breadcrumb\" aria-label=\"Breadcrumb\" data-no-translation=\"\" data-trp-gettext=\"\">Home<\/nav>\t\t\t\t<\/div>\n\t\t\t\t<div class=\"elementor-element elementor-element-0d43999 elementor-widget elementor-widget-heading\" data-id=\"0d43999\" data-element_type=\"widget\" data-e-type=\"widget\" data-widget_type=\"heading.default\">\n\t\t\t\t\t<h1 class=\"elementor-heading-title elementor-size-default\">Technologies<\/h1>\t\t\t\t<\/div>\n\t\t\t\t\t<\/div>\n\t\t\t\t<\/div>\n\t\t<div class=\"elementor-element elementor-element-7ae54da blocproduit e-flex e-con-boxed e-con e-parent\" data-id=\"7ae54da\" data-element_type=\"container\" data-e-type=\"container\">\n\t\t\t\t\t<div class=\"e-con-inner\">\n\t\t<div class=\"elementor-element elementor-element-8cf8165 e-con-full e-flex e-con e-child\" data-id=\"8cf8165\" data-element_type=\"container\" data-e-type=\"container\">\n\t\t\t\t<div class=\"elementor-element elementor-element-f3420b2 elementor-widget elementor-widget-heading\" data-id=\"f3420b2\" data-element_type=\"widget\" data-e-type=\"widget\" data-widget_type=\"heading.default\">\n\t\t\t\t\t<h2 class=\"elementor-heading-title elementor-size-default\">Vertical tube evaporators<\/h2>\t\t\t\t<\/div>\n\t\t<div class=\"elementor-element elementor-element-b4eb786 e-con-full e-flex e-con e-child\" data-id=\"b4eb786\" data-element_type=\"container\" data-e-type=\"container\">\n\t\t<div class=\"elementor-element elementor-element-ea82f91 e-con-full e-flex e-con e-child\" data-id=\"ea82f91\" data-element_type=\"container\" data-e-type=\"container\">\n\t\t\t\t<div class=\"elementor-element elementor-element-82a4e5c elementor-widget elementor-widget-text-editor\" data-id=\"82a4e5c\" data-element_type=\"widget\" data-e-type=\"widget\" data-widget_type=\"text-editor.default\">\n\t\t\t\t\t\t\t\t\t<p>Since 1968, Jean Claude Comby, founder of ACFRI, has been developing a range of rapid cooling and deep-freezing cells using vertical tube evaporator technology.<\/p><p>This technology offers many advantages:<\/p><ul><li>Vertical homogeneity of fluid distribution using the multi-sheet principle.<\/li><li>Limiting the number of bends and welds (reducing the risk of leaks)<\/li><li>Vertical ventilation with lateral air flows<\/li><li>Pivoting fan door allows the rear of the fans and evaporators to be cleaned from 3 sides.<\/li><li>Ultra-short defrosting with forced ventilation for evaporator drying<\/li><\/ul>\t\t\t\t\t\t\t\t<\/div>\n\t\t\t\t<\/div>\n\t\t<div class=\"elementor-element elementor-element-93da702 e-con-full e-flex e-con e-child\" data-id=\"93da702\" data-element_type=\"container\" data-e-type=\"container\">\n\t\t\t\t<div class=\"elementor-element elementor-element-1ce5922 elementor-widget elementor-widget-image\" data-id=\"1ce5922\" data-element_type=\"widget\" data-e-type=\"widget\" data-widget_type=\"image.default\">\n\t\t\t\t\t\t\t\t\t\t\t\t\t\t\t<img fetchpriority=\"high\" decoding=\"async\" width=\"592\" height=\"709\" src=\"https:\/\/acfri.com\/wp-content\/uploads\/2025\/08\/mannequin-8bis.png\" class=\"attachment-large size-large wp-image-2298\" alt=\"\" srcset=\"https:\/\/acfri.com\/wp-content\/uploads\/2025\/08\/mannequin-8bis.png 592w, https:\/\/acfri.com\/wp-content\/uploads\/2025\/08\/mannequin-8bis-250x300.png 250w\" sizes=\"(max-width: 592px) 100vw, 592px\" \/>\t\t\t\t\t\t\t\t\t\t\t\t\t\t\t<\/div>\n\t\t\t\t<\/div>\n\t\t\t\t<\/div>\n\t\t\t\t<\/div>\n\t\t\t\t\t<\/div>\n\t\t\t\t<\/div>\n\t\t<div class=\"elementor-element elementor-element-0663a34 blocproduit e-flex e-con-boxed e-con e-parent\" data-id=\"0663a34\" data-element_type=\"container\" data-e-type=\"container\">\n\t\t\t\t\t<div class=\"e-con-inner\">\n\t\t<div class=\"elementor-element elementor-element-ba4c433 e-con-full e-flex e-con e-child\" data-id=\"ba4c433\" data-element_type=\"container\" data-e-type=\"container\">\n\t\t\t\t<div class=\"elementor-element elementor-element-0db9816 elementor-widget elementor-widget-heading\" data-id=\"0db9816\" data-element_type=\"widget\" data-e-type=\"widget\" data-widget_type=\"heading.default\">\n\t\t\t\t\t<h2 class=\"elementor-heading-title elementor-size-default\">ACFRI Ventilation<\/h2>\t\t\t\t<\/div>\n\t\t<div class=\"elementor-element elementor-element-86b8846 e-con-full e-flex e-con e-child\" data-id=\"86b8846\" data-element_type=\"container\" data-e-type=\"container\">\n\t\t<div class=\"elementor-element elementor-element-f9001ae e-con-full e-flex e-con e-child\" data-id=\"f9001ae\" data-element_type=\"container\" data-e-type=\"container\">\n\t\t\t\t<div class=\"elementor-element elementor-element-3579bc9 elementor-widget elementor-widget-text-editor\" data-id=\"3579bc9\" data-element_type=\"widget\" data-e-type=\"widget\" data-widget_type=\"text-editor.default\">\n\t\t\t\t\t\t\t\t\t<h4>The ACFRI vertical ventilation principle guarantees uniform ventilation.<\/h4><p>Chilling is achieved at a very low temperature without<br \/>risk of products freezing too quickly.<\/p><p>Ventilation and temperature are uniform over the height of the trolley, so products at the top of the trolley reach the end of the cycle at the same time as those at the bottom.<\/p><h4>Air flow temperature<\/h4><p>The principle of blast chilling and mechanical freezing is based on the temperature difference between the product and the blown air. The greater the temperature difference, the shorter the cycle. In both rapid chilling and deep-freezing, a cell must therefore be capable of producing a negative blast temperature.<\/p>\t\t\t\t\t\t\t\t<\/div>\n\t\t\t\t<\/div>\n\t\t<div class=\"elementor-element elementor-element-f83ee06 e-con-full e-flex e-con e-child\" data-id=\"f83ee06\" data-element_type=\"container\" data-e-type=\"container\">\n\t\t\t\t<div class=\"elementor-element elementor-element-0483839 elementor-widget elementor-widget-image\" data-id=\"0483839\" data-element_type=\"widget\" data-e-type=\"widget\" data-widget_type=\"image.default\">\n\t\t\t\t\t\t\t\t\t\t\t\t\t\t\t<img decoding=\"async\" width=\"748\" height=\"666\" src=\"https:\/\/acfri.com\/wp-content\/uploads\/2025\/08\/systeme-acfri.jpg\" class=\"attachment-large size-large wp-image-2299\" alt=\"\" srcset=\"https:\/\/acfri.com\/wp-content\/uploads\/2025\/08\/systeme-acfri.jpg 748w, https:\/\/acfri.com\/wp-content\/uploads\/2025\/08\/systeme-acfri-300x267.jpg 300w, https:\/\/acfri.com\/wp-content\/uploads\/2025\/08\/systeme-acfri-600x534.jpg 600w\" sizes=\"(max-width: 748px) 100vw, 748px\" \/>\t\t\t\t\t\t\t\t\t\t\t\t\t\t\t<\/div>\n\t\t\t\t<\/div>\n\t\t\t\t<\/div>\n\t\t\t\t<\/div>\n\t\t\t\t\t<\/div>\n\t\t\t\t<\/div>\n\t\t<div class=\"elementor-element elementor-element-6201b08 blocproduit e-flex e-con-boxed e-con e-parent\" data-id=\"6201b08\" data-element_type=\"container\" data-e-type=\"container\">\n\t\t\t\t\t<div class=\"e-con-inner\">\n\t\t<div class=\"elementor-element elementor-element-a8b9b6e e-con-full e-flex e-con e-child\" data-id=\"a8b9b6e\" data-element_type=\"container\" data-e-type=\"container\">\n\t\t<div class=\"elementor-element elementor-element-7fcb9df e-con-full e-flex e-con e-child\" data-id=\"7fcb9df\" data-element_type=\"container\" data-e-type=\"container\">\n\t\t<div class=\"elementor-element elementor-element-9fc19ad e-con-full e-flex e-con e-child\" data-id=\"9fc19ad\" data-element_type=\"container\" data-e-type=\"container\">\n\t\t\t\t<div class=\"elementor-element elementor-element-a999842 elementor-widget elementor-widget-image\" data-id=\"a999842\" data-element_type=\"widget\" data-e-type=\"widget\" data-widget_type=\"image.default\">\n\t\t\t\t\t\t\t\t\t\t\t\t\t\t\t<img decoding=\"async\" width=\"406\" height=\"244\" src=\"https:\/\/acfri.com\/wp-content\/uploads\/2025\/08\/ventil-1.jpg\" class=\"attachment-large size-large wp-image-2300\" alt=\"\" srcset=\"https:\/\/acfri.com\/wp-content\/uploads\/2025\/08\/ventil-1.jpg 406w, https:\/\/acfri.com\/wp-content\/uploads\/2025\/08\/ventil-1-300x180.jpg 300w\" sizes=\"(max-width: 406px) 100vw, 406px\" \/>\t\t\t\t\t\t\t\t\t\t\t\t\t\t\t<\/div>\n\t\t\t\t<div class=\"elementor-element elementor-element-a7c1bb5 elementor-widget elementor-widget-heading\" data-id=\"a7c1bb5\" data-element_type=\"widget\" data-e-type=\"widget\" data-widget_type=\"heading.default\">\n\t\t\t\t\t<h2 class=\"elementor-heading-title elementor-size-default\">Difficult products\n<\/h2>\t\t\t\t<\/div>\n\t\t\t\t<div class=\"elementor-element elementor-element-aab7313 elementor-widget elementor-widget-text-editor\" data-id=\"aab7313\" data-element_type=\"widget\" data-e-type=\"widget\" data-widget_type=\"text-editor.default\">\n\t\t\t\t\t\t\t\t\t<p>\u00a0To reach a core temperature of +10\u00b0C, some products need to be blown down to -20\u00b0C.<\/p>\t\t\t\t\t\t\t\t<\/div>\n\t\t\t\t<\/div>\n\t\t<div class=\"elementor-element elementor-element-5fa6814 e-con-full e-flex e-con e-child\" data-id=\"5fa6814\" data-element_type=\"container\" data-e-type=\"container\">\n\t\t\t\t<div class=\"elementor-element elementor-element-ff49204 elementor-widget elementor-widget-image\" data-id=\"ff49204\" data-element_type=\"widget\" data-e-type=\"widget\" data-widget_type=\"image.default\">\n\t\t\t\t\t\t\t\t\t\t\t\t\t\t\t<img loading=\"lazy\" decoding=\"async\" width=\"406\" height=\"244\" src=\"https:\/\/acfri.com\/wp-content\/uploads\/2025\/08\/ventil-2.jpg\" class=\"attachment-large size-large wp-image-2301\" alt=\"\" srcset=\"https:\/\/acfri.com\/wp-content\/uploads\/2025\/08\/ventil-2.jpg 406w, https:\/\/acfri.com\/wp-content\/uploads\/2025\/08\/ventil-2-300x180.jpg 300w\" sizes=\"(max-width: 406px) 100vw, 406px\" \/>\t\t\t\t\t\t\t\t\t\t\t\t\t\t\t<\/div>\n\t\t\t\t<div class=\"elementor-element elementor-element-b726762 elementor-widget elementor-widget-heading\" data-id=\"b726762\" data-element_type=\"widget\" data-e-type=\"widget\" data-widget_type=\"heading.default\">\n\t\t\t\t\t<h2 class=\"elementor-heading-title elementor-size-default\">Fragile products<\/h2>\t\t\t\t<\/div>\n\t\t\t\t<div class=\"elementor-element elementor-element-bf387de elementor-widget elementor-widget-text-editor\" data-id=\"bf387de\" data-element_type=\"widget\" data-e-type=\"widget\" data-widget_type=\"text-editor.default\">\n\t\t\t\t\t\t\t\t\t<p>Some products that are more fragile and easier to cool may be satisfied with controlled blowing throughout the cycle (see ACFRI temp'progressif solution).\u00a0<\/p>\t\t\t\t\t\t\t\t<\/div>\n\t\t\t\t<\/div>\n\t\t<div class=\"elementor-element elementor-element-9e34467 e-con-full e-flex e-con e-child\" data-id=\"9e34467\" data-element_type=\"container\" data-e-type=\"container\">\n\t\t\t\t<div class=\"elementor-element elementor-element-f39dd0c elementor-widget elementor-widget-image\" data-id=\"f39dd0c\" data-element_type=\"widget\" data-e-type=\"widget\" data-widget_type=\"image.default\">\n\t\t\t\t\t\t\t\t\t\t\t\t\t\t\t<img loading=\"lazy\" decoding=\"async\" width=\"406\" height=\"244\" src=\"https:\/\/acfri.com\/wp-content\/uploads\/2025\/08\/ventil-3.jpg\" class=\"attachment-large size-large wp-image-2302\" alt=\"\" srcset=\"https:\/\/acfri.com\/wp-content\/uploads\/2025\/08\/ventil-3.jpg 406w, https:\/\/acfri.com\/wp-content\/uploads\/2025\/08\/ventil-3-300x180.jpg 300w\" sizes=\"(max-width: 406px) 100vw, 406px\" \/>\t\t\t\t\t\t\t\t\t\t\t\t\t\t\t<\/div>\n\t\t\t\t<div class=\"elementor-element elementor-element-ca16f74 elementor-widget elementor-widget-heading\" data-id=\"ca16f74\" data-element_type=\"widget\" data-e-type=\"widget\" data-widget_type=\"heading.default\">\n\t\t\t\t\t<h2 class=\"elementor-heading-title elementor-size-default\">Blast freezing<\/h2>\t\t\t\t<\/div>\n\t\t\t\t<div class=\"elementor-element elementor-element-066d447 elementor-widget elementor-widget-text-editor\" data-id=\"066d447\" data-element_type=\"widget\" data-e-type=\"widget\" data-widget_type=\"text-editor.default\">\n\t\t\t\t\t\t\t\t\t<p>To quickly reach a core temperature of -18\u00b0C, all products require intense blowing between -30\u00b0C and -40\u00b0C.<\/p>\t\t\t\t\t\t\t\t<\/div>\n\t\t\t\t<\/div>\n\t\t\t\t<\/div>\n\t\t\t\t<div class=\"elementor-element elementor-element-af49875 elementor-widget elementor-widget-heading\" data-id=\"af49875\" data-element_type=\"widget\" data-e-type=\"widget\" data-widget_type=\"heading.default\">\n\t\t\t\t\t<h2 class=\"elementor-heading-title elementor-size-default\">Air speed<\/h2>\t\t\t\t<\/div>\n\t\t<div class=\"elementor-element elementor-element-d5ab439 e-con-full e-flex e-con e-child\" data-id=\"d5ab439\" data-element_type=\"container\" data-e-type=\"container\">\n\t\t<div class=\"elementor-element elementor-element-5b36309 e-con-full e-flex e-con e-child\" data-id=\"5b36309\" data-element_type=\"container\" data-e-type=\"container\">\n\t\t\t\t<div class=\"elementor-element elementor-element-62fab6c elementor-widget elementor-widget-text-editor\" data-id=\"62fab6c\" data-element_type=\"widget\" data-e-type=\"widget\" data-widget_type=\"text-editor.default\">\n\t\t\t\t\t\t\t\t\t<p><strong>The air speed allows the exchange of heat that is essential for the rapid cooling of a product.<\/strong><\/p><p>The more a product is ventilated, the faster it cools. If rapid cooling is achieved by blowing cold air at sub-zero temperatures, it is essential to ensure that all products are blown in at the same rate, otherwise the first products to be cooled may freeze prematurely.<\/p>\t\t\t\t\t\t\t\t<\/div>\n\t\t\t\t<\/div>\n\t\t<div class=\"elementor-element elementor-element-d692962 e-con-full e-flex e-con e-child\" data-id=\"d692962\" data-element_type=\"container\" data-e-type=\"container\">\n\t\t\t\t<div class=\"elementor-element elementor-element-55f1573 elementor-widget elementor-widget-image\" data-id=\"55f1573\" data-element_type=\"widget\" data-e-type=\"widget\" data-widget_type=\"image.default\">\n\t\t\t\t\t\t\t\t\t\t\t\t\t\t\t<img loading=\"lazy\" decoding=\"async\" width=\"553\" height=\"794\" src=\"https:\/\/acfri.com\/wp-content\/uploads\/2025\/08\/ventil-4.jpg\" class=\"attachment-large size-large wp-image-2306\" alt=\"\" srcset=\"https:\/\/acfri.com\/wp-content\/uploads\/2025\/08\/ventil-4.jpg 553w, https:\/\/acfri.com\/wp-content\/uploads\/2025\/08\/ventil-4-209x300.jpg 209w\" sizes=\"(max-width: 553px) 100vw, 553px\" \/>\t\t\t\t\t\t\t\t\t\t\t\t\t\t\t<\/div>\n\t\t\t\t<\/div>\n\t\t\t\t<\/div>\n\t\t\t\t<\/div>\n\t\t\t\t\t<\/div>\n\t\t\t\t<\/div>\n\t\t<div class=\"elementor-element elementor-element-660b7aa blocproduit e-flex e-con-boxed e-con e-parent\" data-id=\"660b7aa\" data-element_type=\"container\" data-e-type=\"container\">\n\t\t\t\t\t<div class=\"e-con-inner\">\n\t\t<div class=\"elementor-element elementor-element-1ae958e e-con-full e-flex e-con e-child\" data-id=\"1ae958e\" data-element_type=\"container\" data-e-type=\"container\">\n\t\t\t\t<div class=\"elementor-element elementor-element-c3bc945 elementor-widget elementor-widget-heading\" data-id=\"c3bc945\" data-element_type=\"widget\" data-e-type=\"widget\" data-widget_type=\"heading.default\">\n\t\t\t\t\t<h2 class=\"elementor-heading-title elementor-size-default\">Double box Technology<\/h2>\t\t\t\t<\/div>\n\t\t\t\t<div class=\"elementor-element elementor-element-4512510 elementor-widget elementor-widget-heading\" data-id=\"4512510\" data-element_type=\"widget\" data-e-type=\"widget\" data-widget_type=\"heading.default\">\n\t\t\t\t\t<h3 class=\"elementor-heading-title elementor-size-default\">Ultra-performance<\/h3>\t\t\t\t<\/div>\n\t\t\t\t<div class=\"elementor-element elementor-element-4c34cef elementor-widget elementor-widget-text-editor\" data-id=\"4c34cef\" data-element_type=\"widget\" data-e-type=\"widget\" data-widget_type=\"text-editor.default\">\n\t\t\t\t\t\t\t\t\t<p>Some of the more demanding products require specific, highly ventilated cooling.<\/p><p>The use of perforated crates, pallets or particularly bulky trolleys is a barrier to the passage of air over the product. For these situations, ACFRI has developed a high-performance ventilation system.<\/p><p>Ventilation is provided by a double air circuit on each side of the trolleys.<\/p><p>This device can be combined with the system for reversing the ventilation direction during the cycle.<\/p>\t\t\t\t\t\t\t\t<\/div>\n\t\t<div class=\"elementor-element elementor-element-3184838 e-con-full e-flex e-con e-child\" data-id=\"3184838\" data-element_type=\"container\" data-e-type=\"container\">\n\t\t<div class=\"elementor-element elementor-element-e159ac4 e-con-full e-flex e-con e-child\" data-id=\"e159ac4\" data-element_type=\"container\" data-e-type=\"container\">\n\t\t\t\t<div class=\"elementor-element elementor-element-d24060b elementor-widget elementor-widget-image\" data-id=\"d24060b\" data-element_type=\"widget\" data-e-type=\"widget\" data-widget_type=\"image.default\">\n\t\t\t\t\t\t\t\t\t\t\t\t\t\t\t<img loading=\"lazy\" decoding=\"async\" width=\"800\" height=\"805\" src=\"https:\/\/acfri.com\/wp-content\/uploads\/2025\/08\/ar480dc-01ouvertbis.png\" class=\"attachment-large size-large wp-image-2308\" alt=\"\" srcset=\"https:\/\/acfri.com\/wp-content\/uploads\/2025\/08\/ar480dc-01ouvertbis.png 849w, https:\/\/acfri.com\/wp-content\/uploads\/2025\/08\/ar480dc-01ouvertbis-298x300.png 298w, https:\/\/acfri.com\/wp-content\/uploads\/2025\/08\/ar480dc-01ouvertbis-150x150.png 150w, https:\/\/acfri.com\/wp-content\/uploads\/2025\/08\/ar480dc-01ouvertbis-768x773.png 768w, https:\/\/acfri.com\/wp-content\/uploads\/2025\/08\/ar480dc-01ouvertbis-600x604.png 600w, https:\/\/acfri.com\/wp-content\/uploads\/2025\/08\/ar480dc-01ouvertbis-100x100.png 100w\" sizes=\"(max-width: 800px) 100vw, 800px\" \/>\t\t\t\t\t\t\t\t\t\t\t\t\t\t\t<\/div>\n\t\t\t\t<\/div>\n\t\t<div class=\"elementor-element elementor-element-391ebb9 e-con-full e-flex e-con e-child\" data-id=\"391ebb9\" data-element_type=\"container\" data-e-type=\"container\">\n\t\t\t\t<div class=\"elementor-element elementor-element-ed061ed elementor-widget elementor-widget-image\" data-id=\"ed061ed\" data-element_type=\"widget\" data-e-type=\"widget\" data-widget_type=\"image.default\">\n\t\t\t\t\t\t\t\t\t\t\t\t\t\t\t<img loading=\"lazy\" decoding=\"async\" width=\"701\" height=\"761\" src=\"https:\/\/acfri.com\/wp-content\/uploads\/2025\/08\/schema-double-caisson.png\" class=\"attachment-large size-large wp-image-2307\" alt=\"\" srcset=\"https:\/\/acfri.com\/wp-content\/uploads\/2025\/08\/schema-double-caisson.png 701w, https:\/\/acfri.com\/wp-content\/uploads\/2025\/08\/schema-double-caisson-276x300.png 276w, https:\/\/acfri.com\/wp-content\/uploads\/2025\/08\/schema-double-caisson-600x651.png 600w\" sizes=\"(max-width: 701px) 100vw, 701px\" \/>\t\t\t\t\t\t\t\t\t\t\t\t\t\t\t<\/div>\n\t\t\t\t<\/div>\n\t\t\t\t<\/div>\n\t\t<div class=\"elementor-element elementor-element-017e8d6 e-con-full e-flex e-con e-child\" data-id=\"017e8d6\" data-element_type=\"container\" data-e-type=\"container\">\n\t\t\t\t<div class=\"elementor-element elementor-element-2d3a1de elementor-widget elementor-widget-video\" data-id=\"2d3a1de\" data-element_type=\"widget\" data-e-type=\"widget\" data-settings=\"{&quot;video_type&quot;:&quot;hosted&quot;,&quot;mute&quot;:&quot;yes&quot;,&quot;controls&quot;:&quot;yes&quot;}\" data-widget_type=\"video.default\">\n\t\t\t\t\t\t\t<div class=\"e-hosted-video elementor-wrapper elementor-open-inline\">\n\t\t\t\t\t<video class=\"elementor-video\" src=\"https:\/\/acfri.com\/wp-content\/uploads\/2025\/08\/2caisson.mp4\" controls=\"\" preload=\"metadata\" muted=\"muted\" controlslist=\"nodownload\"><\/video>\n\t\t\t\t<\/div>\n\t\t\t\t\t\t<\/div>\n\t\t\t\t<\/div>\n\t\t\t\t<\/div>\n\t\t\t\t\t<\/div>\n\t\t\t\t<\/div>\n\t\t<div class=\"elementor-element elementor-element-b454b4d e-flex e-con-boxed e-con e-parent\" data-id=\"b454b4d\" data-element_type=\"container\" data-e-type=\"container\">\n\t\t\t\t\t<div class=\"e-con-inner\">\n\t\t\t\t<div class=\"elementor-element elementor-element-c9d2c84 elementor-widget elementor-widget-heading\" data-id=\"c9d2c84\" data-element_type=\"widget\" data-e-type=\"widget\" data-widget_type=\"heading.default\">\n\t\t\t\t\t<h2 class=\"elementor-heading-title elementor-size-default\">WIFI TOUCH <\/h2>\t\t\t\t<\/div>\n\t\t<div class=\"elementor-element elementor-element-8207271 e-con-full e-flex e-con e-child\" data-id=\"8207271\" data-element_type=\"container\" data-e-type=\"container\">\n\t\t<div class=\"elementor-element elementor-element-41c9d60 e-con-full e-flex e-con e-child\" data-id=\"41c9d60\" data-element_type=\"container\" data-e-type=\"container\">\n\t\t\t\t<div class=\"elementor-element elementor-element-9dd3004 elementor-widget elementor-widget-heading\" data-id=\"9dd3004\" data-element_type=\"widget\" data-e-type=\"widget\" data-widget_type=\"heading.default\">\n\t\t\t\t\t<h3 class=\"elementor-heading-title elementor-size-default\">TABLETTE\nCONTROL PANEL<\/h3>\t\t\t\t<\/div>\n\t\t\t\t<div class=\"elementor-element elementor-element-eacfe85 elementor-widget elementor-widget-text-editor\" data-id=\"eacfe85\" data-element_type=\"widget\" data-e-type=\"widget\" data-widget_type=\"text-editor.default\">\n\t\t\t\t\t\t\t\t\t<p>- Product identification<br \/>- Temperature alarm<br \/>- Adjustable alarm threshold<br \/>- Input\/output display<\/p>\t\t\t\t\t\t\t\t<\/div>\n\t\t\t\t<div class=\"elementor-element elementor-element-37e5ab1 elementor-widget elementor-widget-heading\" data-id=\"37e5ab1\" data-element_type=\"widget\" data-e-type=\"widget\" data-widget_type=\"heading.default\">\n\t\t\t\t\t<h3 class=\"elementor-heading-title elementor-size-default\">NEW\nWIRELESS BOX<\/h3>\t\t\t\t<\/div>\n\t\t\t\t<div class=\"elementor-element elementor-element-028925f elementor-widget elementor-widget-text-editor\" data-id=\"028925f\" data-element_type=\"widget\" data-e-type=\"widget\" data-widget_type=\"text-editor.default\">\n\t\t\t\t\t\t\t\t\t<p>- Double temperature measurement<br \/>blow moulding, and product core<br \/>- Induction rechargeable<br \/>- Communication of temperatures in real time<\/p>\t\t\t\t\t\t\t\t<\/div>\n\t\t\t\t<div class=\"elementor-element elementor-element-e2e2749 elementor-widget elementor-widget-heading\" data-id=\"e2e2749\" data-element_type=\"widget\" data-e-type=\"widget\" data-widget_type=\"heading.default\">\n\t\t\t\t\t<h3 class=\"elementor-heading-title elementor-size-default\">WIFI RECEIVER BOX<\/h3>\t\t\t\t<\/div>\n\t\t\t\t<div class=\"elementor-element elementor-element-295c4c5 elementor-widget elementor-widget-text-editor\" data-id=\"295c4c5\" data-element_type=\"widget\" data-e-type=\"widget\" data-widget_type=\"text-editor.default\">\n\t\t\t\t\t\t\t\t\t<p>- Multi-cell box<br \/>- WIFI settings<br \/>- ACFRI Soft interfacing<\/p>\t\t\t\t\t\t\t\t<\/div>\n\t\t\t\t<div class=\"elementor-element elementor-element-c4aaddb elementor-widget elementor-widget-heading\" data-id=\"c4aaddb\" data-element_type=\"widget\" data-e-type=\"widget\" data-widget_type=\"heading.default\">\n\t\t\t\t\t<h3 class=\"elementor-heading-title elementor-size-default\">ACFRI SOFT<\/h3>\t\t\t\t<\/div>\n\t\t\t\t<div class=\"elementor-element elementor-element-8ce94d8 elementor-widget elementor-widget-text-editor\" data-id=\"8ce94d8\" data-element_type=\"widget\" data-e-type=\"widget\" data-widget_type=\"text-editor.default\">\n\t\t\t\t\t\t\t\t\t<p>- Data recording and archiving on PC<br \/>- Automatic display of cycle times<br \/>- Printing and archiving curves on a graphical viewer<br \/>- Ethernet connection (RJ45) and remote access<br \/>- Cycle compliance history<br \/>- Multi-user software<\/p>\t\t\t\t\t\t\t\t<\/div>\n\t\t\t\t<\/div>\n\t\t<div class=\"elementor-element elementor-element-4f0fa3c e-con-full e-flex e-con e-child\" data-id=\"4f0fa3c\" data-element_type=\"container\" data-e-type=\"container\">\n\t\t\t\t<div class=\"elementor-element elementor-element-582007f elementor-widget elementor-widget-image\" data-id=\"582007f\" data-element_type=\"widget\" data-e-type=\"widget\" data-widget_type=\"image.default\">\n\t\t\t\t\t\t\t\t\t\t\t\t\t\t\t\t<a href=\"https:\/\/acfri.com\/wp-content\/uploads\/2025\/09\/WIFI-TOUCH-FR.pdf\" target=\"_blank\">\n\t\t\t\t\t\t\t<img loading=\"lazy\" decoding=\"async\" width=\"725\" height=\"1024\" src=\"https:\/\/acfri.com\/wp-content\/uploads\/2025\/09\/WIFI-TOUCH-FR_page-0001-725x1024.jpg\" class=\"attachment-large size-large wp-image-3040\" alt=\"\" srcset=\"https:\/\/acfri.com\/wp-content\/uploads\/2025\/09\/WIFI-TOUCH-FR_page-0001-725x1024.jpg 725w, https:\/\/acfri.com\/wp-content\/uploads\/2025\/09\/WIFI-TOUCH-FR_page-0001-212x300.jpg 212w, https:\/\/acfri.com\/wp-content\/uploads\/2025\/09\/WIFI-TOUCH-FR_page-0001-768x1085.jpg 768w, https:\/\/acfri.com\/wp-content\/uploads\/2025\/09\/WIFI-TOUCH-FR_page-0001-1087x1536.jpg 1087w, https:\/\/acfri.com\/wp-content\/uploads\/2025\/09\/WIFI-TOUCH-FR_page-0001-600x848.jpg 600w, https:\/\/acfri.com\/wp-content\/uploads\/2025\/09\/WIFI-TOUCH-FR_page-0001.jpg 1241w\" sizes=\"(max-width: 725px) 100vw, 725px\" \/>\t\t\t\t\t\t\t\t<\/a>\n\t\t\t\t\t\t\t\t\t\t\t\t\t\t\t<\/div>\n\t\t\t\t<\/div>\n\t\t\t\t<\/div>\n\t\t\t\t\t<\/div>\n\t\t\t\t<\/div>\n\t\t\t\t<\/div>","protected":false},"excerpt":{"rendered":"<p>Technologies \u00c9vaporateurs \u00e0 tube verticaux Depuis 1968, Jean Claude Comby fondateur de la soci\u00e9t\u00e9 ACFRI\u00a0d\u00e9veloppe une gamme de cellules de refroidissement rapide et\u00a0de surg\u00e9lation utilisant la technologie des \u00e9vaporateurs \u00e0 tubes\u00a0verticaux. Cette technologie offre de multiples avantages : Homog\u00e9n\u00e9it\u00e9 verticale de la distribution du fluide par le\u00a0principe multi nappes. Limitation du nombre de coudes et [&hellip;]<\/p>\n","protected":false},"author":1,"featured_media":0,"parent":0,"menu_order":0,"comment_status":"closed","ping_status":"closed","template":"elementor_header_footer","meta":{"_acf_changed":false,"footnotes":""},"class_list":["post-2291","page","type-page","status-publish","hentry"],"acf":[],"_links":{"self":[{"href":"https:\/\/acfri.com\/en\/wp-json\/wp\/v2\/pages\/2291","targetHints":{"allow":["GET"]}}],"collection":[{"href":"https:\/\/acfri.com\/en\/wp-json\/wp\/v2\/pages"}],"about":[{"href":"https:\/\/acfri.com\/en\/wp-json\/wp\/v2\/types\/page"}],"author":[{"embeddable":true,"href":"https:\/\/acfri.com\/en\/wp-json\/wp\/v2\/users\/1"}],"replies":[{"embeddable":true,"href":"https:\/\/acfri.com\/en\/wp-json\/wp\/v2\/comments?post=2291"}],"version-history":[{"count":28,"href":"https:\/\/acfri.com\/en\/wp-json\/wp\/v2\/pages\/2291\/revisions"}],"predecessor-version":[{"id":3547,"href":"https:\/\/acfri.com\/en\/wp-json\/wp\/v2\/pages\/2291\/revisions\/3547"}],"wp:attachment":[{"href":"https:\/\/acfri.com\/en\/wp-json\/wp\/v2\/media?parent=2291"}],"curies":[{"name":"wp","href":"https:\/\/api.w.org\/{rel}","templated":true}]}}